{"id":463,"date":"2024-07-23T22:09:17","date_gmt":"2024-07-24T01:09:17","guid":{"rendered":"https:\/\/inovaartprint.com.br\/?page_id=463"},"modified":"2024-07-23T22:09:17","modified_gmt":"2024-07-24T01:09:17","slug":"chinelos-e-artigos-sublimados","status":"publish","type":"page","link":"https:\/\/inovaartprint.com.br\/index.php\/chinelos-e-artigos-sublimados\/","title":{"rendered":"Chinelos e artigos sublimados"},"content":{"rendered":"\n<p>Aqui voc\u00ea encontra os mais variados itens para presente<\/p>\n\n\n<div data-block-name=\"woocommerce\/product-category\" data-categories=\"[29]\" class=\"wc-block-grid wp-block-product-category wp-block-woocommerce-product-category wc-block-product-category has-3-columns has-multiple-rows\"><ul class=\"wc-block-grid__products\"><li class=\"wc-block-grid__product\">\n\t\t\t\t<a href=\"https:\/\/inovaartprint.com.br\/index.php\/produto\/camiseta-personalizada-poliester\/\" class=\"wc-block-grid__product-link\">\n\t\t\t\t\t\n\t\t\t\t\t<div class=\"wc-block-grid__product-image\"><img loading=\"lazy\" decoding=\"async\" width=\"300\" height=\"225\" src=\"https:\/\/inovaartprint.com.br\/wp-content\/uploads\/2024\/07\/camiseta4-300x225.png\" class=\"attachment-woocommerce_thumbnail size-woocommerce_thumbnail\" alt=\"Camiseta personalizada poli\u00e9ster\" \/><\/div>\n\t\t\t\t\t<div class=\"wc-block-grid__product-title\">Camiseta personalizada poli\u00e9ster<\/div>\n\t\t\t\t<\/a>\n\t\t\t\t<div class=\"wc-block-grid__product-price price\"><span class=\"woocommerce-Price-amount amount\"><span class=\"woocommerce-Price-currencySymbol\">&#082;&#036;<\/span>19.90<\/span><\/div>\n\t\t\t\t\n\t\t\t\t<div class=\"wp-block-button wc-block-grid__product-add-to-cart\"><a href=\"\/index.php\/wp-json\/wp\/v2\/pages\/463?add-to-cart=480\" aria-label=\"Adicione ao carrinho: &ldquo;Camiseta personalizada poli\u00e9ster&rdquo;\" data-quantity=\"1\" data-product_id=\"480\" data-product_sku=\"1051\" data-price=\"19.9\" rel=\"nofollow\" class=\"wp-block-button__link  add_to_cart_button ajax_add_to_cart\">Adicionar ao carrinho<\/a><\/div>\n\t\t\t<\/li><li class=\"wc-block-grid__product\">\n\t\t\t\t<a href=\"https:\/\/inovaartprint.com.br\/index.php\/produto\/chinelo-personagens-lego-avengers\/\" class=\"wc-block-grid__product-link\">\n\t\t\t\t\t\n\t\t\t\t\t<div class=\"wc-block-grid__product-image\"><img loading=\"lazy\" decoding=\"async\" width=\"300\" height=\"225\" src=\"https:\/\/inovaartprint.com.br\/wp-content\/uploads\/2023\/09\/D_NQ_NP_707535-MLB50060266437_052022-O-300x225.webp\" class=\"attachment-woocommerce_thumbnail size-woocommerce_thumbnail\" alt=\"Chinelo Personagens Lego Avengers\" \/><\/div>\n\t\t\t\t\t<div class=\"wc-block-grid__product-title\">Chinelo Personagens Lego Avengers<\/div>\n\t\t\t\t<\/a>\n\t\t\t\t<div class=\"wc-block-grid__product-price price\"><span class=\"woocommerce-Price-amount amount\"><span class=\"woocommerce-Price-currencySymbol\">&#082;&#036;<\/span>21.50<\/span><\/div>\n\t\t\t\t\n\t\t\t\t<div class=\"wp-block-button wc-block-grid__product-add-to-cart\"><a href=\"https:\/\/inovaartprint.com.br\/index.php\/produto\/chinelo-personagens-lego-avengers\/\" aria-label=\"Selecione as op\u00e7\u00f5es para &ldquo;Chinelo Personagens Lego Avengers&rdquo;\" data-quantity=\"1\" data-product_id=\"326\" data-product_sku=\"1037\" data-price=\"21.5\" rel=\"nofollow\" class=\"wp-block-button__link  add_to_cart_button\">Ver op\u00e7\u00f5es<\/a><\/div>\n\t\t\t<\/li><li class=\"wc-block-grid__product\">\n\t\t\t\t<a href=\"https:\/\/inovaartprint.com.br\/index.php\/produto\/chinelo-personalizado-dinossauro\/\" class=\"wc-block-grid__product-link\">\n\t\t\t\t\t\n\t\t\t\t\t<div class=\"wc-block-grid__product-image\"><img loading=\"lazy\" decoding=\"async\" width=\"300\" height=\"225\" src=\"https:\/\/inovaartprint.com.br\/wp-content\/uploads\/2023\/09\/D_NQ_NP_919716-MLB47138566379_082021-O-300x225.webp\" class=\"attachment-woocommerce_thumbnail size-woocommerce_thumbnail\" alt=\"Chinelo Personalizado Dinossauro\" \/><\/div>\n\t\t\t\t\t<div class=\"wc-block-grid__product-title\">Chinelo Personalizado Dinossauro<\/div>\n\t\t\t\t<\/a>\n\t\t\t\t<div class=\"wc-block-grid__product-price price\"><span class=\"woocommerce-Price-amount amount\"><span class=\"woocommerce-Price-currencySymbol\">&#082;&#036;<\/span>21.50<\/span><\/div>\n\t\t\t\t\n\t\t\t\t<div class=\"wp-block-button wc-block-grid__product-add-to-cart\"><a href=\"https:\/\/inovaartprint.com.br\/index.php\/produto\/chinelo-personalizado-dinossauro\/\" aria-label=\"Selecione as op\u00e7\u00f5es para &ldquo;Chinelo Personalizado Dinossauro&rdquo;\" data-quantity=\"1\" data-product_id=\"315\" data-product_sku=\"1036\" data-price=\"21.5\" rel=\"nofollow\" class=\"wp-block-button__link  add_to_cart_button\">Ver op\u00e7\u00f5es<\/a><\/div>\n\t\t\t<\/li><li class=\"wc-block-grid__product\">\n\t\t\t\t<a href=\"https:\/\/inovaartprint.com.br\/index.php\/produto\/chinelo-frozen-personalizado\/\" class=\"wc-block-grid__product-link\">\n\t\t\t\t\t\n\t\t\t\t\t<div class=\"wc-block-grid__product-image\"><img loading=\"lazy\" decoding=\"async\" width=\"300\" height=\"225\" src=\"https:\/\/inovaartprint.com.br\/wp-content\/uploads\/2023\/09\/D_NQ_NP_940921-MLB47459864214_092021-O-300x225.webp\" class=\"attachment-woocommerce_thumbnail size-woocommerce_thumbnail\" alt=\"Chinelo Frozen Personalizado\" \/><\/div>\n\t\t\t\t\t<div class=\"wc-block-grid__product-title\">Chinelo Frozen Personalizado<\/div>\n\t\t\t\t<\/a>\n\t\t\t\t<div class=\"wc-block-grid__product-price price\"><span class=\"woocommerce-Price-amount amount\"><span class=\"woocommerce-Price-currencySymbol\">&#082;&#036;<\/span>21.50<\/span><\/div>\n\t\t\t\t\n\t\t\t\t<div class=\"wp-block-button wc-block-grid__product-add-to-cart\"><a href=\"https:\/\/inovaartprint.com.br\/index.php\/produto\/chinelo-frozen-personalizado\/\" aria-label=\"Selecione as op\u00e7\u00f5es para &ldquo;Chinelo Frozen Personalizado&rdquo;\" data-quantity=\"1\" data-product_id=\"305\" data-product_sku=\"1035\" data-price=\"21.5\" rel=\"nofollow\" class=\"wp-block-button__link  add_to_cart_button\">Ver op\u00e7\u00f5es<\/a><\/div>\n\t\t\t<\/li><li class=\"wc-block-grid__product\">\n\t\t\t\t<a href=\"https:\/\/inovaartprint.com.br\/index.php\/produto\/chinelo-sonic\/\" class=\"wc-block-grid__product-link\">\n\t\t\t\t\t\n\t\t\t\t\t<div class=\"wc-block-grid__product-image\"><img loading=\"lazy\" decoding=\"async\" width=\"300\" height=\"225\" src=\"https:\/\/inovaartprint.com.br\/wp-content\/uploads\/2023\/09\/D_NQ_NP_825226-MLB46120572081_052021-O-300x225.webp\" class=\"attachment-woocommerce_thumbnail size-woocommerce_thumbnail\" alt=\"Chinelo Sonic\" \/><\/div>\n\t\t\t\t\t<div class=\"wc-block-grid__product-title\">Chinelo Sonic<\/div>\n\t\t\t\t<\/a>\n\t\t\t\t<div class=\"wc-block-grid__product-price price\"><span class=\"woocommerce-Price-amount amount\"><span class=\"woocommerce-Price-currencySymbol\">&#082;&#036;<\/span>21.50<\/span><\/div>\n\t\t\t\t\n\t\t\t\t<div class=\"wp-block-button wc-block-grid__product-add-to-cart\"><a href=\"https:\/\/inovaartprint.com.br\/index.php\/produto\/chinelo-sonic\/\" aria-label=\"Selecione as op\u00e7\u00f5es para &ldquo;Chinelo Sonic&rdquo;\" data-quantity=\"1\" data-product_id=\"294\" data-product_sku=\"1034\" data-price=\"21.5\" rel=\"nofollow\" class=\"wp-block-button__link  add_to_cart_button\">Ver op\u00e7\u00f5es<\/a><\/div>\n\t\t\t<\/li><li class=\"wc-block-grid__product\">\n\t\t\t\t<a href=\"https:\/\/inovaartprint.com.br\/index.php\/produto\/chinelo-moana-caneca-personalizada\/\" class=\"wc-block-grid__product-link\">\n\t\t\t\t\t\n\t\t\t\t\t<div class=\"wc-block-grid__product-image\"><img loading=\"lazy\" decoding=\"async\" width=\"300\" height=\"225\" src=\"https:\/\/inovaartprint.com.br\/wp-content\/uploads\/2023\/09\/1675035793656-300x225.jpg\" class=\"attachment-woocommerce_thumbnail size-woocommerce_thumbnail\" alt=\"Chinelo Moana + Caneca Personalizada\" \/><\/div>\n\t\t\t\t\t<div class=\"wc-block-grid__product-title\">Chinelo Moana + Caneca Personalizada<\/div>\n\t\t\t\t<\/a>\n\t\t\t\t<div class=\"wc-block-grid__product-price price\"><span class=\"woocommerce-Price-amount amount\"><span class=\"woocommerce-Price-currencySymbol\">&#082;&#036;<\/span>41.30<\/span><\/div>\n\t\t\t\t\n\t\t\t\t<div class=\"wp-block-button wc-block-grid__product-add-to-cart\"><a href=\"https:\/\/inovaartprint.com.br\/index.php\/produto\/chinelo-moana-caneca-personalizada\/\" aria-label=\"Selecione as op\u00e7\u00f5es para &ldquo;Chinelo Moana + Caneca Personalizada&rdquo;\" data-quantity=\"1\" data-product_id=\"284\" data-product_sku=\"1032\" data-price=\"41.3\" rel=\"nofollow\" class=\"wp-block-button__link  add_to_cart_button\">Ver op\u00e7\u00f5es<\/a><\/div>\n\t\t\t<\/li><li class=\"wc-block-grid__product\">\n\t\t\t\t<a href=\"https:\/\/inovaartprint.com.br\/index.php\/produto\/chinelo-unicornio-rosa\/\" class=\"wc-block-grid__product-link\">\n\t\t\t\t\t\n\t\t\t\t\t<div class=\"wc-block-grid__product-image\"><img loading=\"lazy\" decoding=\"async\" width=\"300\" height=\"225\" src=\"https:\/\/inovaartprint.com.br\/wp-content\/uploads\/2023\/09\/1675620801366-300x225.jpg\" class=\"attachment-woocommerce_thumbnail size-woocommerce_thumbnail\" alt=\"Chinelo Unic\u00f3rnio Rosa\" \/><\/div>\n\t\t\t\t\t<div class=\"wc-block-grid__product-title\">Chinelo Unic\u00f3rnio Rosa<\/div>\n\t\t\t\t<\/a>\n\t\t\t\t<div class=\"wc-block-grid__product-price price\"><span class=\"woocommerce-Price-amount amount\"><span class=\"woocommerce-Price-currencySymbol\">&#082;&#036;<\/span>21.50<\/span><\/div>\n\t\t\t\t\n\t\t\t\t<div class=\"wp-block-button wc-block-grid__product-add-to-cart\"><a href=\"https:\/\/inovaartprint.com.br\/index.php\/produto\/chinelo-unicornio-rosa\/\" aria-label=\"Selecione as op\u00e7\u00f5es para &ldquo;Chinelo Unic\u00f3rnio Rosa&rdquo;\" data-quantity=\"1\" data-product_id=\"212\" data-product_sku=\"1022-1\" data-price=\"21.5\" rel=\"nofollow\" class=\"wp-block-button__link  add_to_cart_button\">Ver op\u00e7\u00f5es<\/a><\/div>\n\t\t\t<\/li><li class=\"wc-block-grid__product\">\n\t\t\t\t<a href=\"https:\/\/inovaartprint.com.br\/index.php\/produto\/chinelo-moana\/\" class=\"wc-block-grid__product-link\">\n\t\t\t\t\t\n\t\t\t\t\t<div class=\"wc-block-grid__product-image\"><img loading=\"lazy\" decoding=\"async\" width=\"300\" height=\"225\" src=\"https:\/\/inovaartprint.com.br\/wp-content\/uploads\/2023\/09\/D_NQ_NP_2X_822865-MLB48855593126_012022-F-300x225.webp\" class=\"attachment-woocommerce_thumbnail size-woocommerce_thumbnail\" alt=\"Chinelo Moana\" \/><\/div>\n\t\t\t\t\t<div class=\"wc-block-grid__product-title\">Chinelo Moana<\/div>\n\t\t\t\t<\/a>\n\t\t\t\t<div class=\"wc-block-grid__product-price price\"><span class=\"woocommerce-Price-amount amount\"><span class=\"woocommerce-Price-currencySymbol\">&#082;&#036;<\/span>21.50<\/span><\/div>\n\t\t\t\t\n\t\t\t\t<div class=\"wp-block-button wc-block-grid__product-add-to-cart\"><a href=\"https:\/\/inovaartprint.com.br\/index.php\/produto\/chinelo-moana\/\" aria-label=\"Selecione as op\u00e7\u00f5es para &ldquo;Chinelo Moana&rdquo;\" data-quantity=\"1\" data-product_id=\"65\" data-product_sku=\"1022\" data-price=\"21.5\" rel=\"nofollow\" class=\"wp-block-button__link  add_to_cart_button\">Ver op\u00e7\u00f5es<\/a><\/div>\n\t\t\t<\/li><\/ul><\/div>","protected":false},"excerpt":{"rendered":"<p>Aqui voc\u00ea encontra os mais variados itens para presente<\/p>\n","protected":false},"author":1,"featured_media":0,"parent":0,"menu_order":0,"comment_status":"closed","ping_status":"closed","template":"","meta":{"footnotes":""},"class_list":["post-463","page","type-page","status-publish","hentry"],"_links":{"self":[{"href":"https:\/\/inovaartprint.com.br\/index.php\/wp-json\/wp\/v2\/pages\/463","targetHints":{"allow":["GET"]}}],"collection":[{"href":"https:\/\/inovaartprint.com.br\/index.php\/wp-json\/wp\/v2\/pages"}],"about":[{"href":"https:\/\/inovaartprint.com.br\/index.php\/wp-json\/wp\/v2\/types\/page"}],"author":[{"embeddable":true,"href":"https:\/\/inovaartprint.com.br\/index.php\/wp-json\/wp\/v2\/users\/1"}],"replies":[{"embeddable":true,"href":"https:\/\/inovaartprint.com.br\/index.php\/wp-json\/wp\/v2\/comments?post=463"}],"version-history":[{"count":1,"href":"https:\/\/inovaartprint.com.br\/index.php\/wp-json\/wp\/v2\/pages\/463\/revisions"}],"predecessor-version":[{"id":466,"href":"https:\/\/inovaartprint.com.br\/index.php\/wp-json\/wp\/v2\/pages\/463\/revisions\/466"}],"wp:attachment":[{"href":"https:\/\/inovaartprint.com.br\/index.php\/wp-json\/wp\/v2\/media?parent=463"}],"curies":[{"name":"wp","href":"https:\/\/api.w.org\/{rel}","templated":true}]}}