{"id":254,"date":"2023-09-03T16:46:06","date_gmt":"2023-09-03T19:46:06","guid":{"rendered":"https:\/\/inovaartprint.com.br\/?post_type=product&#038;p=254"},"modified":"2024-07-20T21:52:19","modified_gmt":"2024-07-21T00:52:19","slug":"canecas-meninas-superpoderosas-lindinha-copia","status":"publish","type":"product","link":"https:\/\/inovaartprint.com.br\/index.php\/produto\/canecas-meninas-superpoderosas-lindinha-copia\/","title":{"rendered":"Caneca Unic\u00f3rnio Com Glitter"},"content":{"rendered":"<p>Caneca porcelana com glitter \u00f3tima qualidade.<\/p>\n<p>Enviamos sua caneca no pr\u00f3ximo dia \u00fatil ap\u00f3s sua compra.<\/p>\n<p>Pode ir ao micro-ondas &#8211; <strong>N\u00c3O (devido ao glitter)<\/strong><\/p>\n<p>A foto do an\u00fancio mostra os lados da mesma caneca.<\/p>\n<p>Modelos \/ Estampa.<\/p>\n<h5><strong>GLITTER &#8211; UNIC\u00d3RNIO<\/strong><\/h5>\n<h5>*****************************<br \/>\n<strong>ESPECIFICA\u00c7\u00d5ES.<\/strong><\/h5>\n<p><strong>Capacidade: 350 ml<\/strong><br \/>\n<strong>Peso: 350 g<\/strong><br \/>\n<strong>Altura: 10 cm<\/strong><br \/>\n<strong>Di\u00e2metro de Borda: 8 cm<\/strong><br \/>\n<strong>Circunfer\u00eancia: 27 cm<\/strong><br \/>\n<strong>Material: Porcelana<\/strong><\/p>\n","protected":false},"excerpt":{"rendered":"<p>Caneca porcelana com glitter \u00f3tima qualidade. Enviamos sua caneca no pr\u00f3ximo dia \u00fatil ap\u00f3s sua compra. Pode ir ao micro-ondas&hellip;<\/p>\n","protected":false},"featured_media":255,"comment_status":"open","ping_status":"closed","template":"","meta":[],"product_brand":[],"product_cat":[18],"product_tag":[17],"class_list":{"0":"post-254","1":"product","2":"type-product","3":"status-publish","4":"has-post-thumbnail","6":"product_cat-canecas-personalizadas","7":"product_tag-caneca-procelana","9":"first","10":"instock","11":"taxable","12":"shipping-taxable","13":"purchasable","14":"product-type-simple"},"_links":{"self":[{"href":"https:\/\/inovaartprint.com.br\/index.php\/wp-json\/wp\/v2\/product\/254","targetHints":{"allow":["GET"]}}],"collection":[{"href":"https:\/\/inovaartprint.com.br\/index.php\/wp-json\/wp\/v2\/product"}],"about":[{"href":"https:\/\/inovaartprint.com.br\/index.php\/wp-json\/wp\/v2\/types\/product"}],"replies":[{"embeddable":true,"href":"https:\/\/inovaartprint.com.br\/index.php\/wp-json\/wp\/v2\/comments?post=254"}],"wp:featuredmedia":[{"embeddable":true,"href":"https:\/\/inovaartprint.com.br\/index.php\/wp-json\/wp\/v2\/media\/255"}],"wp:attachment":[{"href":"https:\/\/inovaartprint.com.br\/index.php\/wp-json\/wp\/v2\/media?parent=254"}],"wp:term":[{"taxonomy":"product_brand","embeddable":true,"href":"https:\/\/inovaartprint.com.br\/index.php\/wp-json\/wp\/v2\/product_brand?post=254"},{"taxonomy":"product_cat","embeddable":true,"href":"https:\/\/inovaartprint.com.br\/index.php\/wp-json\/wp\/v2\/product_cat?post=254"},{"taxonomy":"product_tag","embeddable":true,"href":"https:\/\/inovaartprint.com.br\/index.php\/wp-json\/wp\/v2\/product_tag?post=254"}],"curies":[{"name":"wp","href":"https:\/\/api.w.org\/{rel}","templated":true}]}}