{"id":260,"date":"2023-09-03T19:58:22","date_gmt":"2023-09-03T22:58:22","guid":{"rendered":"https:\/\/inovaartprint.com.br\/?post_type=product&#038;p=260"},"modified":"2025-10-22T20:57:16","modified_gmt":"2025-10-22T23:57:16","slug":"embalagem-isopor-personalizada-h3","status":"publish","type":"product","link":"https:\/\/inovaartprint.com.br\/index.php\/produto\/embalagem-isopor-personalizada-h3\/","title":{"rendered":"Embalagem Isopor Personalizada TH03"},"content":{"rendered":"<h2 class=\"ui-pdp-description__title\">Descri\u00e7\u00e3o<\/h2>\n<p class=\"ui-pdp-description__content\">Embalagem personalizada modelo <strong>H3<\/strong>. Personalizamos com seu logo ou imagem que preferir. Seu sabor agora com embalagem chamativa e apresenta\u00e7\u00e3o diferenciada.<\/p>\n<p><strong>Ap\u00f3s compra, nos envie seu logo\/imagem para iniciarmos a confec\u00e7\u00e3o.<\/strong><\/p>\n<p class=\"ui-pdp-description__content\">Est\u00e1 com d\u00favida?<\/p>\n<p class=\"ui-pdp-description__content\">Entre em contato com nossa equipe para mais informa\u00e7\u00f5es ou or\u00e7amento mais detalhado.<\/p>\n<p class=\"ui-pdp-description__content\">Enviamos a embalagens personalizadas com sua marca.<\/p>\n<p class=\"ui-pdp-description__content\">\u00c9 utilizado tinta? <strong>N\u00c3O<\/strong><\/p>\n<p>\u00c9 adesivo? <strong>N\u00c3O<\/strong><\/p>\n<p class=\"ui-pdp-description__content\">Processo direto na embalagem, por <strong>indu\u00e7\u00e3o t\u00e9rmica.<\/strong><\/p>\n<p class=\"ui-pdp-description__content\"><strong>Fardo com 100uni<\/strong><br \/>\n<strong>Medidas: 133X126X68 cm<\/strong><\/p>\n","protected":false},"excerpt":{"rendered":"<p>Descri\u00e7\u00e3o Embalagem personalizada modelo H3. Personalizamos com seu logo ou imagem que preferir. Seu sabor agora com embalagem chamativa e&hellip;<\/p>\n","protected":false},"featured_media":261,"comment_status":"open","ping_status":"closed","template":"","meta":[],"product_brand":[],"product_cat":[23],"product_tag":[],"class_list":{"0":"post-260","1":"product","2":"type-product","3":"status-publish","4":"has-post-thumbnail","6":"product_cat-embalagens","8":"first","9":"onbackorder","10":"shipping-taxable","11":"purchasable","12":"product-type-simple"},"_links":{"self":[{"href":"https:\/\/inovaartprint.com.br\/index.php\/wp-json\/wp\/v2\/product\/260","targetHints":{"allow":["GET"]}}],"collection":[{"href":"https:\/\/inovaartprint.com.br\/index.php\/wp-json\/wp\/v2\/product"}],"about":[{"href":"https:\/\/inovaartprint.com.br\/index.php\/wp-json\/wp\/v2\/types\/product"}],"replies":[{"embeddable":true,"href":"https:\/\/inovaartprint.com.br\/index.php\/wp-json\/wp\/v2\/comments?post=260"}],"wp:featuredmedia":[{"embeddable":true,"href":"https:\/\/inovaartprint.com.br\/index.php\/wp-json\/wp\/v2\/media\/261"}],"wp:attachment":[{"href":"https:\/\/inovaartprint.com.br\/index.php\/wp-json\/wp\/v2\/media?parent=260"}],"wp:term":[{"taxonomy":"product_brand","embeddable":true,"href":"https:\/\/inovaartprint.com.br\/index.php\/wp-json\/wp\/v2\/product_brand?post=260"},{"taxonomy":"product_cat","embeddable":true,"href":"https:\/\/inovaartprint.com.br\/index.php\/wp-json\/wp\/v2\/product_cat?post=260"},{"taxonomy":"product_tag","embeddable":true,"href":"https:\/\/inovaartprint.com.br\/index.php\/wp-json\/wp\/v2\/product_tag?post=260"}],"curies":[{"name":"wp","href":"https:\/\/api.w.org\/{rel}","templated":true}]}}