{"id":284,"date":"2023-09-06T23:15:58","date_gmt":"2023-09-07T02:15:58","guid":{"rendered":"https:\/\/inovaartprint.com.br\/?post_type=product&#038;p=284"},"modified":"2025-10-22T20:53:18","modified_gmt":"2025-10-22T23:53:18","slug":"chinelo-moana-caneca-personalizada","status":"publish","type":"product","link":"https:\/\/inovaartprint.com.br\/index.php\/produto\/chinelo-moana-caneca-personalizada\/","title":{"rendered":"Chinelo Moana + Caneca Personalizada"},"content":{"rendered":"<p>Chinelo personalizado (SUBLIMADO) estampa da <strong>MOANA + CANECA POL\u00cdMERO<\/strong>, chinelo de \u00f3tima qualidade borracha 100% ROSA.<\/p>\n<p>TODAS AS FOTOS S\u00c3O DO PRODUTO FINALIZADO, SEM IMAGEM DIGITAL PARA UM MELHOR DETALHE EM SUA ESCOLHA.<\/p>\n<p><strong>********************************Aten\u00e7\u00e3o!********************************<\/strong><br \/>\nPor se tratar de um produto feito com a arte de sublima\u00e7\u00e3o poder\u00e1 ocorrer altera\u00e7\u00f5es conforme seu pedido e necessidade, basta nos informar como deseja a modifica\u00e7\u00e3o ap\u00f3s sua compra.<\/p>\n<p>Por ser um tem feito especialmente para voc\u00ea, pedimos que verifique a numera\u00e7\u00e3o correta, pois assim nos ajuda a n\u00e3o termos rejei\u00e7\u00e3o, visto que n\u00e3o podemos efetuar venda posterior.<\/p>\n<p><strong>********************************Obrigado********************************<\/strong><\/p>\n<p>Cor borracha: <strong>ROSA<\/strong><br \/>\nTipo estampa: <strong>SUBLIMA\u00c7\u00c3O<\/strong><br \/>\nEstampa: <strong>MOANA<\/strong><br \/>\nTipo borracha: <strong>100%<\/strong><br \/>\nTira: SLIM (<strong>Rosa Beb\u00ea<\/strong>)<\/p>\n<p>&nbsp;<\/p>\n<h4><em><strong>INFORMA\u00c7\u00d5ES DA CANECA<\/strong><\/em><\/h4>\n<p><strong>Capacidade: 350 ml<\/strong><br \/>\n<strong>Peso: 350 g<\/strong><br \/>\n<strong>Altura: 10 cm<\/strong><br \/>\n<strong>Di\u00e2metro de Borda: 8 cm<\/strong><br \/>\n<strong>Circunfer\u00eancia: 27 cm<\/strong><\/p>\n<p>&nbsp;<\/p>\n<p>Trabalhamos com material de primeira linha.<\/p>\n<p>Por se tratar de um produto, feito com a arte de sublima\u00e7\u00e3o, recomenda-se para maior durabilidade do seu chinelo:<\/p>\n<p>&#8211; Evitar o uso enquanto os chinelos estiverem molhados;<br \/>\n&#8211; Lavar delicadamente com esponja macia e sab\u00e3o neutro;<br \/>\n&#8211; Evitar o uso durante o banho;<br \/>\n&#8211; N\u00e3o deixar de molho;<br \/>\n&#8211; N\u00e3o usar alvejante;<br \/>\n&#8211; secar \u00e0 sombra;<\/p>\n","protected":false},"excerpt":{"rendered":"<p>Chinelo personalizado (SUBLIMADO) estampa da MOANA + CANECA POL\u00cdMERO, chinelo de \u00f3tima qualidade borracha 100% ROSA. TODAS AS FOTOS S\u00c3O&hellip;<\/p>\n","protected":false},"featured_media":291,"comment_status":"open","ping_status":"closed","template":"","meta":[],"product_brand":[],"product_cat":[29],"product_tag":[],"class_list":{"0":"post-284","1":"product","2":"type-product","3":"status-publish","4":"has-post-thumbnail","6":"product_cat-chinelos-sublimados","8":"first","9":"outofstock","10":"shipping-taxable","11":"purchasable","12":"product-type-variable"},"_links":{"self":[{"href":"https:\/\/inovaartprint.com.br\/index.php\/wp-json\/wp\/v2\/product\/284","targetHints":{"allow":["GET"]}}],"collection":[{"href":"https:\/\/inovaartprint.com.br\/index.php\/wp-json\/wp\/v2\/product"}],"about":[{"href":"https:\/\/inovaartprint.com.br\/index.php\/wp-json\/wp\/v2\/types\/product"}],"replies":[{"embeddable":true,"href":"https:\/\/inovaartprint.com.br\/index.php\/wp-json\/wp\/v2\/comments?post=284"}],"wp:featuredmedia":[{"embeddable":true,"href":"https:\/\/inovaartprint.com.br\/index.php\/wp-json\/wp\/v2\/media\/291"}],"wp:attachment":[{"href":"https:\/\/inovaartprint.com.br\/index.php\/wp-json\/wp\/v2\/media?parent=284"}],"wp:term":[{"taxonomy":"product_brand","embeddable":true,"href":"https:\/\/inovaartprint.com.br\/index.php\/wp-json\/wp\/v2\/product_brand?post=284"},{"taxonomy":"product_cat","embeddable":true,"href":"https:\/\/inovaartprint.com.br\/index.php\/wp-json\/wp\/v2\/product_cat?post=284"},{"taxonomy":"product_tag","embeddable":true,"href":"https:\/\/inovaartprint.com.br\/index.php\/wp-json\/wp\/v2\/product_tag?post=284"}],"curies":[{"name":"wp","href":"https:\/\/api.w.org\/{rel}","templated":true}]}}