{"id":294,"date":"2023-09-07T13:34:45","date_gmt":"2023-09-07T16:34:45","guid":{"rendered":"https:\/\/inovaartprint.com.br\/?post_type=product&#038;p=294"},"modified":"2025-10-22T20:52:05","modified_gmt":"2025-10-22T23:52:05","slug":"chinelo-sonic","status":"publish","type":"product","link":"https:\/\/inovaartprint.com.br\/index.php\/produto\/chinelo-sonic\/","title":{"rendered":"Chinelo Sonic"},"content":{"rendered":"<p>Chinelo personalizado (<strong>SUBLIMADO<\/strong>) com estampa Sonic, \u00f3tima qualidade, borracha 100% AZUL. Trabalhamos com atacado produ\u00e7\u00e3o pr\u00f3pria.<\/p>\n<p>FOTO REAL DO PRODUTO.<\/p>\n<p>Cor borracha: <strong>AZUL<\/strong><br \/>\nTipo estampa: <strong>SUBLIMA\u00c7\u00c3O<\/strong><br \/>\nEstampa: <strong>Sonic<\/strong><br \/>\nTipo borracha: <strong>100%<\/strong><br \/>\nTira: <strong>Tradicional Branca<\/strong><\/p>\n<p>Instru\u00e7\u00f5es para maior durabilidade do seu chinelo:<\/p>\n<p>&#8211; Evitar o uso enquanto os chinelos estiverem molhados;<br \/>\n&#8211; Lavar delicadamente com esponja macia e sab\u00e3o neutro;<br \/>\n&#8211; Evitar o uso durante o banho;<br \/>\n&#8211; N\u00e3o deixar de molho;<br \/>\n&#8211; N\u00e3o usar alvejante;<br \/>\n&#8211; secar \u00e0 sombra;<\/p>\n","protected":false},"excerpt":{"rendered":"<p>Produto de \u00f3timo acabamento, qualidade, maciez e conforto.<\/p>\n","protected":false},"featured_media":301,"comment_status":"open","ping_status":"closed","template":"","meta":[],"product_brand":[],"product_cat":[29],"product_tag":[],"class_list":{"0":"post-294","1":"product","2":"type-product","3":"status-publish","4":"has-post-thumbnail","6":"product_cat-chinelos-sublimados","8":"first","9":"outofstock","10":"shipping-taxable","11":"purchasable","12":"product-type-variable"},"_links":{"self":[{"href":"https:\/\/inovaartprint.com.br\/index.php\/wp-json\/wp\/v2\/product\/294","targetHints":{"allow":["GET"]}}],"collection":[{"href":"https:\/\/inovaartprint.com.br\/index.php\/wp-json\/wp\/v2\/product"}],"about":[{"href":"https:\/\/inovaartprint.com.br\/index.php\/wp-json\/wp\/v2\/types\/product"}],"replies":[{"embeddable":true,"href":"https:\/\/inovaartprint.com.br\/index.php\/wp-json\/wp\/v2\/comments?post=294"}],"wp:featuredmedia":[{"embeddable":true,"href":"https:\/\/inovaartprint.com.br\/index.php\/wp-json\/wp\/v2\/media\/301"}],"wp:attachment":[{"href":"https:\/\/inovaartprint.com.br\/index.php\/wp-json\/wp\/v2\/media?parent=294"}],"wp:term":[{"taxonomy":"product_brand","embeddable":true,"href":"https:\/\/inovaartprint.com.br\/index.php\/wp-json\/wp\/v2\/product_brand?post=294"},{"taxonomy":"product_cat","embeddable":true,"href":"https:\/\/inovaartprint.com.br\/index.php\/wp-json\/wp\/v2\/product_cat?post=294"},{"taxonomy":"product_tag","embeddable":true,"href":"https:\/\/inovaartprint.com.br\/index.php\/wp-json\/wp\/v2\/product_tag?post=294"}],"curies":[{"name":"wp","href":"https:\/\/api.w.org\/{rel}","templated":true}]}}