{"id":339,"date":"2023-09-07T21:25:17","date_gmt":"2023-09-08T00:25:17","guid":{"rendered":"https:\/\/inovaartprint.com.br\/?post_type=product&#038;p=339"},"modified":"2023-09-07T21:55:02","modified_gmt":"2023-09-08T00:55:02","slug":"relogio-personalizado-azulejo-15x15","status":"publish","type":"product","link":"https:\/\/inovaartprint.com.br\/index.php\/produto\/relogio-personalizado-azulejo-15x15\/","title":{"rendered":"Rel\u00f3gio Personalizado Azulejo 15&#215;15"},"content":{"rendered":"<p>Rel\u00f3gio personalizado anal\u00f3gico em azulejo tratado resinado. \u00d3tima qualidade, lindo objeto de decora\u00e7\u00e3o para sua sala.<\/p>\n<p>Trabalhamos com personaliza\u00e7\u00e3o \u00e0 sua escolha, basta efetuar sua compra e ap\u00f3s, nos enviar uma mensagem e\/ou imagem que deseja ser impressa de fundo.<\/p>\n<p>O modelo principal se trata se um produto acabado, os demais modelo digital.<\/p>\n<p>Ap\u00f3s sua compra, informe qual dos modelos deseja, ou se ser\u00e1 com imagem da sua escolha.<\/p>\n<p>Tamanho: <strong>15x15cm<\/strong>.<br \/>\nMaterial: <strong>Azulejo resinado<\/strong><br \/>\nMecanismo: <strong>Anal\u00f3gico.<\/strong><\/p>\n<p>Acompanha suporte para mesa: <strong>SIM<\/strong><\/p>\n<h4><strong>A imagem \u00e9 meramente ilustrativa, ap\u00f3s sua compra, nos envie sua foto para confec\u00e7\u00e3o.<\/strong><\/h4>\n<h4><strong>Caso seu queira o do anuncio, nos informe para seguir com a produ\u00e7\u00e3o.<\/strong><\/h4>\n","protected":false},"excerpt":{"rendered":"<p>Rel\u00f3gio personalizado anal\u00f3gico em azulejo tratado resinado. \u00d3tima qualidade, lindo objeto de decora\u00e7\u00e3o para sua sala. Trabalhamos com personaliza\u00e7\u00e3o \u00e0&hellip;<\/p>\n","protected":false},"featured_media":341,"comment_status":"open","ping_status":"closed","template":"","meta":[],"product_brand":[],"product_cat":[43],"product_tag":[],"class_list":{"0":"post-339","1":"product","2":"type-product","3":"status-publish","4":"has-post-thumbnail","6":"product_cat-relogio-personalizado","8":"first","9":"instock","10":"taxable","11":"shipping-taxable","12":"purchasable","13":"product-type-simple"},"_links":{"self":[{"href":"https:\/\/inovaartprint.com.br\/index.php\/wp-json\/wp\/v2\/product\/339","targetHints":{"allow":["GET"]}}],"collection":[{"href":"https:\/\/inovaartprint.com.br\/index.php\/wp-json\/wp\/v2\/product"}],"about":[{"href":"https:\/\/inovaartprint.com.br\/index.php\/wp-json\/wp\/v2\/types\/product"}],"replies":[{"embeddable":true,"href":"https:\/\/inovaartprint.com.br\/index.php\/wp-json\/wp\/v2\/comments?post=339"}],"wp:featuredmedia":[{"embeddable":true,"href":"https:\/\/inovaartprint.com.br\/index.php\/wp-json\/wp\/v2\/media\/341"}],"wp:attachment":[{"href":"https:\/\/inovaartprint.com.br\/index.php\/wp-json\/wp\/v2\/media?parent=339"}],"wp:term":[{"taxonomy":"product_brand","embeddable":true,"href":"https:\/\/inovaartprint.com.br\/index.php\/wp-json\/wp\/v2\/product_brand?post=339"},{"taxonomy":"product_cat","embeddable":true,"href":"https:\/\/inovaartprint.com.br\/index.php\/wp-json\/wp\/v2\/product_cat?post=339"},{"taxonomy":"product_tag","embeddable":true,"href":"https:\/\/inovaartprint.com.br\/index.php\/wp-json\/wp\/v2\/product_tag?post=339"}],"curies":[{"name":"wp","href":"https:\/\/api.w.org\/{rel}","templated":true}]}}