{"id":344,"date":"2023-09-07T21:46:02","date_gmt":"2023-09-08T00:46:02","guid":{"rendered":"https:\/\/inovaartprint.com.br\/?post_type=product&#038;p=344"},"modified":"2023-09-07T21:46:02","modified_gmt":"2023-09-08T00:46:02","slug":"mouse-pad-personalizado","status":"publish","type":"product","link":"https:\/\/inovaartprint.com.br\/index.php\/produto\/mouse-pad-personalizado\/","title":{"rendered":"Mouse Pad Personalizado"},"content":{"rendered":"<p>MOUSE PAD PERSONALIZADO.<\/p>\n<p>Voc\u00ea pode escolher sua estampa e nos enviar, mouse pad com seu estilo.<\/p>\n<p>\u2022 Impress\u00e3o em Alta Qualidade (<strong>SUBLIMA\u00c7\u00c3O<\/strong>).<\/p>\n<p>\u2022 Durabilidade \u2022 Base em Neoplex 3mm (n\u00e3o escorrega em nenhuma superf\u00edcie)<\/p>\n<p>\u2022 Redondo<\/p>\n<p>\u2022 Largura: 19cm.<\/p>\n<p>\u2022 Comprimento: 19cm.<\/p>\n<p>\u2022 Espessura: 5mm.<\/p>\n<p>\u2022 Material: Borracha Neoplex.<\/p>\n<p>\u2022 Arte feita por sublima\u00e7\u00e3o.<\/p>\n<p>\u2022 N\u00c3O LAVAR em m\u00e1quina.<\/p>\n<p>&nbsp;<\/p>\n<p>Para compras em atacado nos contate.<\/p>\n","protected":false},"excerpt":{"rendered":"<p>MOUSE PAD PERSONALIZADO. Voc\u00ea pode escolher sua estampa e nos enviar, mouse pad com seu estilo. \u2022 Impress\u00e3o em Alta&hellip;<\/p>\n","protected":false},"featured_media":345,"comment_status":"open","ping_status":"closed","template":"","meta":[],"product_brand":[],"product_cat":[44],"product_tag":[],"class_list":{"0":"post-344","1":"product","2":"type-product","3":"status-publish","4":"has-post-thumbnail","6":"product_cat-mouse-pad","8":"first","9":"instock","10":"shipping-taxable","11":"purchasable","12":"product-type-simple"},"_links":{"self":[{"href":"https:\/\/inovaartprint.com.br\/index.php\/wp-json\/wp\/v2\/product\/344","targetHints":{"allow":["GET"]}}],"collection":[{"href":"https:\/\/inovaartprint.com.br\/index.php\/wp-json\/wp\/v2\/product"}],"about":[{"href":"https:\/\/inovaartprint.com.br\/index.php\/wp-json\/wp\/v2\/types\/product"}],"replies":[{"embeddable":true,"href":"https:\/\/inovaartprint.com.br\/index.php\/wp-json\/wp\/v2\/comments?post=344"}],"wp:featuredmedia":[{"embeddable":true,"href":"https:\/\/inovaartprint.com.br\/index.php\/wp-json\/wp\/v2\/media\/345"}],"wp:attachment":[{"href":"https:\/\/inovaartprint.com.br\/index.php\/wp-json\/wp\/v2\/media?parent=344"}],"wp:term":[{"taxonomy":"product_brand","embeddable":true,"href":"https:\/\/inovaartprint.com.br\/index.php\/wp-json\/wp\/v2\/product_brand?post=344"},{"taxonomy":"product_cat","embeddable":true,"href":"https:\/\/inovaartprint.com.br\/index.php\/wp-json\/wp\/v2\/product_cat?post=344"},{"taxonomy":"product_tag","embeddable":true,"href":"https:\/\/inovaartprint.com.br\/index.php\/wp-json\/wp\/v2\/product_tag?post=344"}],"curies":[{"name":"wp","href":"https:\/\/api.w.org\/{rel}","templated":true}]}}