{"id":396,"date":"2024-05-17T23:24:31","date_gmt":"2024-05-18T02:24:31","guid":{"rendered":"https:\/\/inovaartprint.com.br\/?post_type=product&#038;p=396"},"modified":"2024-06-01T00:01:02","modified_gmt":"2024-06-01T03:01:02","slug":"caneca-personalizada-chaves","status":"publish","type":"product","link":"https:\/\/inovaartprint.com.br\/index.php\/produto\/caneca-personalizada-chaves\/","title":{"rendered":"Caneca personalizada CHAVES"},"content":{"rendered":"<p>Caneca porcelana personalizada turma chaves. temas inesquec\u00edveis que marcaram gera\u00e7\u00f5es.<\/p>\n<p><strong>TEMAS.<\/strong><br \/>\n<strong>PIRATA ALMA NEGRA<\/strong><br \/>\n<strong>QUANDO PENSEI ESTAR ERRADO<\/strong><br \/>\n<strong>J\u00c1 CHEGOU O DISCO VOADOR<\/strong><\/p>\n<p>Ap\u00f3s sua compra nos envie uma mensagem com o modelo escolhido<\/p>\n<p>Enviamos sua caneca no pr\u00f3ximo dia \u00fatil ap\u00f3s sua compra.<\/p>\n<p>Pode ir ao micro-ondas &#8211; SIM<\/p>\n<p>A foto do an\u00fancio mostra os dois lados da mesma caneca.<\/p>\n<p>Modelos \/ Estampa.<\/p>\n<p><strong>CHAVES<\/strong><br \/>\n*****************************<br \/>\n<strong>ESPECIFICA\u00c7\u00d5ES.<\/strong><\/p>\n<p><strong>Capacidade: 350 ml<\/strong><br \/>\n<strong>Peso: 350 g<\/strong><br \/>\n<strong>Altura: 10 cm<\/strong><br \/>\n<strong>Di\u00e2metro de Borda: 8 cm<\/strong><br \/>\n<strong>Circunfer\u00eancia: 27 cm<\/strong><br \/>\n<strong>Material: Porcelana<\/strong><\/p>\n<p>&nbsp;<\/p>\n<h4><strong>Perguntas frequentes:<\/strong><\/h4>\n<p><strong>Pode ir ao micro-ondas \u2013 SIM<\/strong><\/p>\n","protected":false},"excerpt":{"rendered":"<p>Caneca porcelana personalizada turma chaves. temas inesquec\u00edveis que marcaram gera\u00e7\u00f5es. TEMAS. PIRATA ALMA NEGRA QUANDO PENSEI ESTAR ERRADO J\u00c1 CHEGOU&hellip;<\/p>\n","protected":false},"featured_media":400,"comment_status":"open","ping_status":"closed","template":"","meta":[],"product_brand":[],"product_cat":[18],"product_tag":[17],"class_list":{"0":"post-396","1":"product","2":"type-product","3":"status-publish","4":"has-post-thumbnail","6":"product_cat-canecas-personalizadas","7":"product_tag-caneca-procelana","9":"first","10":"instock","11":"taxable","12":"shipping-taxable","13":"purchasable","14":"product-type-simple"},"_links":{"self":[{"href":"https:\/\/inovaartprint.com.br\/index.php\/wp-json\/wp\/v2\/product\/396","targetHints":{"allow":["GET"]}}],"collection":[{"href":"https:\/\/inovaartprint.com.br\/index.php\/wp-json\/wp\/v2\/product"}],"about":[{"href":"https:\/\/inovaartprint.com.br\/index.php\/wp-json\/wp\/v2\/types\/product"}],"replies":[{"embeddable":true,"href":"https:\/\/inovaartprint.com.br\/index.php\/wp-json\/wp\/v2\/comments?post=396"}],"wp:featuredmedia":[{"embeddable":true,"href":"https:\/\/inovaartprint.com.br\/index.php\/wp-json\/wp\/v2\/media\/400"}],"wp:attachment":[{"href":"https:\/\/inovaartprint.com.br\/index.php\/wp-json\/wp\/v2\/media?parent=396"}],"wp:term":[{"taxonomy":"product_brand","embeddable":true,"href":"https:\/\/inovaartprint.com.br\/index.php\/wp-json\/wp\/v2\/product_brand?post=396"},{"taxonomy":"product_cat","embeddable":true,"href":"https:\/\/inovaartprint.com.br\/index.php\/wp-json\/wp\/v2\/product_cat?post=396"},{"taxonomy":"product_tag","embeddable":true,"href":"https:\/\/inovaartprint.com.br\/index.php\/wp-json\/wp\/v2\/product_tag?post=396"}],"curies":[{"name":"wp","href":"https:\/\/api.w.org\/{rel}","templated":true}]}}