{"id":406,"date":"2024-05-18T17:03:03","date_gmt":"2024-05-18T20:03:03","guid":{"rendered":"https:\/\/inovaartprint.com.br\/?post_type=product&#038;p=406"},"modified":"2024-05-18T17:12:48","modified_gmt":"2024-05-18T20:12:48","slug":"relogio-personalizado-azulejo-20x30","status":"publish","type":"product","link":"https:\/\/inovaartprint.com.br\/index.php\/produto\/relogio-personalizado-azulejo-20x30\/","title":{"rendered":"Rel\u00f3gio Personalizado Azulejo 20&#215;30"},"content":{"rendered":"<p>Rel\u00f3gio personalizado anal\u00f3gico em azulejo tratado resinado. \u00d3tima qualidade, lindo objeto de decora\u00e7\u00e3o para sua sala e um presente inesquec\u00edvel.<\/p>\n<p>Trabalhamos com personaliza\u00e7\u00e3o \u00e0 sua escolha, basta efetuar sua compra, ap\u00f3s confirma\u00e7\u00e3o, nos enviar uma mensagem e\/ou imagem que deseja ser impressa de fundo.<\/p>\n<p>O modelo principal se trata se um produto acabado, os demais modelo digital.<\/p>\n<p>Ap\u00f3s sua compra, informe qual dos modelos deseja, ou se ser\u00e1 com imagem da sua escolha.<\/p>\n<p>Tamanho: <strong>20x30cm.<\/strong><br \/>\nMaterial: <strong>Azulejo resinado<\/strong><br \/>\nMecanismo: <strong>Anal\u00f3gico.<\/strong><\/p>\n<p>Acompanha suporte para mesa: <strong>SIM<\/strong><\/p>\n<h4><strong>A imagem \u00e9 meramente ilustrativa, ap\u00f3s sua compra, nos envie sua foto para confec\u00e7\u00e3o.<\/strong><\/h4>\n<h4><strong>Caso seu queira o do anuncio, nos informe para seguir com a produ\u00e7\u00e3o.<\/strong><\/h4>\n","protected":false},"excerpt":{"rendered":"<p>Rel\u00f3gio personalizado anal\u00f3gico em azulejo tratado resinado. \u00d3tima qualidade, lindo objeto de decora\u00e7\u00e3o para sua sala e um presente inesquec\u00edvel.&hellip;<\/p>\n","protected":false},"featured_media":407,"comment_status":"open","ping_status":"closed","template":"","meta":[],"product_brand":[],"product_cat":[43],"product_tag":[],"class_list":{"0":"post-406","1":"product","2":"type-product","3":"status-publish","4":"has-post-thumbnail","6":"product_cat-relogio-personalizado","8":"first","9":"instock","10":"taxable","11":"shipping-taxable","12":"purchasable","13":"product-type-simple"},"_links":{"self":[{"href":"https:\/\/inovaartprint.com.br\/index.php\/wp-json\/wp\/v2\/product\/406","targetHints":{"allow":["GET"]}}],"collection":[{"href":"https:\/\/inovaartprint.com.br\/index.php\/wp-json\/wp\/v2\/product"}],"about":[{"href":"https:\/\/inovaartprint.com.br\/index.php\/wp-json\/wp\/v2\/types\/product"}],"replies":[{"embeddable":true,"href":"https:\/\/inovaartprint.com.br\/index.php\/wp-json\/wp\/v2\/comments?post=406"}],"wp:featuredmedia":[{"embeddable":true,"href":"https:\/\/inovaartprint.com.br\/index.php\/wp-json\/wp\/v2\/media\/407"}],"wp:attachment":[{"href":"https:\/\/inovaartprint.com.br\/index.php\/wp-json\/wp\/v2\/media?parent=406"}],"wp:term":[{"taxonomy":"product_brand","embeddable":true,"href":"https:\/\/inovaartprint.com.br\/index.php\/wp-json\/wp\/v2\/product_brand?post=406"},{"taxonomy":"product_cat","embeddable":true,"href":"https:\/\/inovaartprint.com.br\/index.php\/wp-json\/wp\/v2\/product_cat?post=406"},{"taxonomy":"product_tag","embeddable":true,"href":"https:\/\/inovaartprint.com.br\/index.php\/wp-json\/wp\/v2\/product_tag?post=406"}],"curies":[{"name":"wp","href":"https:\/\/api.w.org\/{rel}","templated":true}]}}