{"id":411,"date":"2024-07-20T22:35:46","date_gmt":"2024-07-21T01:35:46","guid":{"rendered":"https:\/\/inovaartprint.com.br\/?post_type=product&#038;p=411"},"modified":"2024-07-20T22:55:48","modified_gmt":"2024-07-21T01:55:48","slug":"caneca-personalizada-batman","status":"publish","type":"product","link":"https:\/\/inovaartprint.com.br\/index.php\/produto\/caneca-personalizada-batman\/","title":{"rendered":"Caneca personalizada BATMAN"},"content":{"rendered":"<p>Caneca porcelana personalizada turma chaves. temas inesquec\u00edveis que marcaram gera\u00e7\u00f5es.<\/p>\n<p><strong>TEMAS.<\/strong><br \/>\n<strong>PODE SER PERSONALIZADO AO SEU GOSTO. INFORME AP\u00d3S A COMPRA SE PREFERIR ADICIONAR NOME NA MESMA<\/strong><br \/>\nEnviamos sua caneca no pr\u00f3ximo dia \u00fatil ap\u00f3s sua compra.<\/p>\n<p>Pode ir ao micro-ondas &#8211; SIM<\/p>\n<p>A foto do an\u00fancio todos os\u00a0 lados da mesma caneca.<\/p>\n<p>Modelos \/ Estampa.<\/p>\n<p><strong>BATMAN<\/strong><br \/>\n*****************************<br \/>\n<strong>ESPECIFICA\u00c7\u00d5ES.<\/strong><\/p>\n<p><strong>Capacidade: 350 ml<\/strong><br \/>\n<strong>Peso: 350 g<\/strong><br \/>\n<strong>Altura: 10 cm<\/strong><br \/>\n<strong>Di\u00e2metro de Borda: 8 cm<\/strong><br \/>\n<strong>Circunfer\u00eancia: 27 cm<\/strong><br \/>\n<strong>Material: Porcelana<\/strong><\/p>\n<p>&nbsp;<\/p>\n<h4><strong>Perguntas frequentes:<\/strong><\/h4>\n<p><strong>Pode ir ao micro-ondas \u2013 SIM<\/strong><\/p>\n","protected":false},"excerpt":{"rendered":"<p>Caneca porcelana personalizada turma chaves. temas inesquec\u00edveis que marcaram gera\u00e7\u00f5es. TEMAS. PODE SER PERSONALIZADO AO SEU GOSTO. INFORME AP\u00d3S A&hellip;<\/p>\n","protected":false},"featured_media":414,"comment_status":"open","ping_status":"closed","template":"","meta":[],"product_brand":[],"product_cat":[18],"product_tag":[17],"class_list":{"0":"post-411","1":"product","2":"type-product","3":"status-publish","4":"has-post-thumbnail","6":"product_cat-canecas-personalizadas","7":"product_tag-caneca-procelana","9":"first","10":"instock","11":"taxable","12":"shipping-taxable","13":"purchasable","14":"product-type-simple"},"_links":{"self":[{"href":"https:\/\/inovaartprint.com.br\/index.php\/wp-json\/wp\/v2\/product\/411","targetHints":{"allow":["GET"]}}],"collection":[{"href":"https:\/\/inovaartprint.com.br\/index.php\/wp-json\/wp\/v2\/product"}],"about":[{"href":"https:\/\/inovaartprint.com.br\/index.php\/wp-json\/wp\/v2\/types\/product"}],"replies":[{"embeddable":true,"href":"https:\/\/inovaartprint.com.br\/index.php\/wp-json\/wp\/v2\/comments?post=411"}],"wp:featuredmedia":[{"embeddable":true,"href":"https:\/\/inovaartprint.com.br\/index.php\/wp-json\/wp\/v2\/media\/414"}],"wp:attachment":[{"href":"https:\/\/inovaartprint.com.br\/index.php\/wp-json\/wp\/v2\/media?parent=411"}],"wp:term":[{"taxonomy":"product_brand","embeddable":true,"href":"https:\/\/inovaartprint.com.br\/index.php\/wp-json\/wp\/v2\/product_brand?post=411"},{"taxonomy":"product_cat","embeddable":true,"href":"https:\/\/inovaartprint.com.br\/index.php\/wp-json\/wp\/v2\/product_cat?post=411"},{"taxonomy":"product_tag","embeddable":true,"href":"https:\/\/inovaartprint.com.br\/index.php\/wp-json\/wp\/v2\/product_tag?post=411"}],"curies":[{"name":"wp","href":"https:\/\/api.w.org\/{rel}","templated":true}]}}