{"id":425,"date":"2024-07-21T01:52:31","date_gmt":"2024-07-21T04:52:31","guid":{"rendered":"https:\/\/inovaartprint.com.br\/?post_type=product&#038;p=425"},"modified":"2025-10-22T21:00:43","modified_gmt":"2025-10-23T00:00:43","slug":"25-copos-long-drink-350ml-jateado-degrade","status":"publish","type":"product","link":"https:\/\/inovaartprint.com.br\/index.php\/produto\/25-copos-long-drink-350ml-jateado-degrade\/","title":{"rendered":"25 Copos Long Drink 350ml Jateado Degrad\u00ea"},"content":{"rendered":"<p><strong>Descri\u00e7\u00e3o<\/strong><\/p>\n<p><strong>25 Copos Acr\u00edlico Long Drink 350ml Personalizados<\/strong><\/p>\n<p>Personalizamos com sua arte, ou tema da sua escolha, nos envie sua arte ap\u00f3s compra.<\/p>\n<p>Tema: <strong>copo long drink<\/strong><br \/>\n*****************************<br \/>\n<strong>ESPECIFICA\u00c7\u00d5ES.<\/strong><\/p>\n<p><strong>Altura: Aproximadamente 14,5cm<\/strong><br \/>\n<strong>Di\u00e2metro Superior: Aproximadamente 6cm<\/strong><br \/>\n<strong>Di\u00e2metro Base: Aproximadamente 5 cm<\/strong><br \/>\n<strong>Ideal para servir Long drinks, coquet\u00e9is e outras bebidas<\/strong><br \/>\n<strong>Design Personaliz\u00e1vel:<\/strong><\/p>\n<p>Para mais informa\u00e7\u00f5es entre em contato.<\/p>\n","protected":false},"excerpt":{"rendered":"<p>Descri\u00e7\u00e3o 25 Copos Acr\u00edlico Long Drink 350ml Personalizados Personalizamos com sua arte, ou tema da sua escolha, nos envie sua&hellip;<\/p>\n","protected":false},"featured_media":426,"comment_status":"open","ping_status":"closed","template":"","meta":[],"product_brand":[],"product_cat":[47],"product_tag":[17],"class_list":{"0":"post-425","1":"product","2":"type-product","3":"status-publish","4":"has-post-thumbnail","6":"product_cat-copo-long-drink","7":"product_tag-caneca-procelana","9":"first","10":"outofstock","11":"taxable","12":"shipping-taxable","13":"purchasable","14":"product-type-simple"},"_links":{"self":[{"href":"https:\/\/inovaartprint.com.br\/index.php\/wp-json\/wp\/v2\/product\/425","targetHints":{"allow":["GET"]}}],"collection":[{"href":"https:\/\/inovaartprint.com.br\/index.php\/wp-json\/wp\/v2\/product"}],"about":[{"href":"https:\/\/inovaartprint.com.br\/index.php\/wp-json\/wp\/v2\/types\/product"}],"replies":[{"embeddable":true,"href":"https:\/\/inovaartprint.com.br\/index.php\/wp-json\/wp\/v2\/comments?post=425"}],"wp:featuredmedia":[{"embeddable":true,"href":"https:\/\/inovaartprint.com.br\/index.php\/wp-json\/wp\/v2\/media\/426"}],"wp:attachment":[{"href":"https:\/\/inovaartprint.com.br\/index.php\/wp-json\/wp\/v2\/media?parent=425"}],"wp:term":[{"taxonomy":"product_brand","embeddable":true,"href":"https:\/\/inovaartprint.com.br\/index.php\/wp-json\/wp\/v2\/product_brand?post=425"},{"taxonomy":"product_cat","embeddable":true,"href":"https:\/\/inovaartprint.com.br\/index.php\/wp-json\/wp\/v2\/product_cat?post=425"},{"taxonomy":"product_tag","embeddable":true,"href":"https:\/\/inovaartprint.com.br\/index.php\/wp-json\/wp\/v2\/product_tag?post=425"}],"curies":[{"name":"wp","href":"https:\/\/api.w.org\/{rel}","templated":true}]}}