{"id":457,"date":"2024-07-23T20:30:18","date_gmt":"2024-07-23T23:30:18","guid":{"rendered":"https:\/\/inovaartprint.com.br\/?post_type=product&#038;p=457"},"modified":"2025-10-22T20:50:44","modified_gmt":"2025-10-22T23:50:44","slug":"copo-descartavel-pp-400ml-pack-c-100","status":"publish","type":"product","link":"https:\/\/inovaartprint.com.br\/index.php\/produto\/copo-descartavel-pp-400ml-pack-c-100\/","title":{"rendered":"Copo descart\u00e1vel PP 400ml PACK C\/ 100"},"content":{"rendered":"<p><strong>Descri\u00e7\u00e3o<\/strong><\/p>\n<p><strong>O Copo descart\u00e1vel 440ml personalizado combina com todo tipo de ocasi\u00e3o: <\/strong><\/p>\n<p>A criatividade da personaliza\u00e7\u00e3o fica por sua conta, pode ser com o tema da festa, nome do aniversariante, data especial, monograma, sua marca ou at\u00e9 com uma frase engra\u00e7ada! Depois \u00e9 s\u00f3 desfilar com seu copo, fazer os melhores stories e brilhar por ai!<\/p>\n<p>Tema: <strong>Pl\u00e1stico PS<\/strong><br \/>\n*****************************<br \/>\n<strong>ESPECIFICA\u00c7\u00d5ES.<\/strong><\/p>\n<p><strong>Material: Pl\u00e1stico PS<\/strong><br \/>\n<strong>Altura: 9 cm &#8211; boca<\/strong><\/p>\n<p><strong>Altura: 6 cm &#8211; fundo<\/strong><\/p>\n<p><strong>Di\u00e2metro: 8,5 cm<\/strong><br \/>\n<strong>Capacidade: 400ml<\/strong><\/p>\n<p>Arte em uma cor.<\/p>\n<p>Ap\u00f3s a compra nos envie sua arte para modelagem e cria\u00e7\u00e3o da matriz.<\/p>\n<p><strong>TEMPO DE PRODU\u00c7\u00c3O 3 DIAS, ap\u00f3s aprova\u00e7\u00e3o da arte.<br \/>\n<\/strong><\/p>\n","protected":false},"excerpt":{"rendered":"<p>Descri\u00e7\u00e3o O Copo descart\u00e1vel 440ml personalizado combina com todo tipo de ocasi\u00e3o: A criatividade da personaliza\u00e7\u00e3o fica por sua conta,&hellip;<\/p>\n","protected":false},"featured_media":458,"comment_status":"open","ping_status":"closed","template":"","meta":[],"product_brand":[],"product_cat":[47],"product_tag":[17],"class_list":{"0":"post-457","1":"product","2":"type-product","3":"status-publish","4":"has-post-thumbnail","6":"product_cat-copo-long-drink","7":"product_tag-caneca-procelana","9":"first","10":"outofstock","11":"taxable","12":"shipping-taxable","13":"purchasable","14":"product-type-simple"},"_links":{"self":[{"href":"https:\/\/inovaartprint.com.br\/index.php\/wp-json\/wp\/v2\/product\/457","targetHints":{"allow":["GET"]}}],"collection":[{"href":"https:\/\/inovaartprint.com.br\/index.php\/wp-json\/wp\/v2\/product"}],"about":[{"href":"https:\/\/inovaartprint.com.br\/index.php\/wp-json\/wp\/v2\/types\/product"}],"replies":[{"embeddable":true,"href":"https:\/\/inovaartprint.com.br\/index.php\/wp-json\/wp\/v2\/comments?post=457"}],"wp:featuredmedia":[{"embeddable":true,"href":"https:\/\/inovaartprint.com.br\/index.php\/wp-json\/wp\/v2\/media\/458"}],"wp:attachment":[{"href":"https:\/\/inovaartprint.com.br\/index.php\/wp-json\/wp\/v2\/media?parent=457"}],"wp:term":[{"taxonomy":"product_brand","embeddable":true,"href":"https:\/\/inovaartprint.com.br\/index.php\/wp-json\/wp\/v2\/product_brand?post=457"},{"taxonomy":"product_cat","embeddable":true,"href":"https:\/\/inovaartprint.com.br\/index.php\/wp-json\/wp\/v2\/product_cat?post=457"},{"taxonomy":"product_tag","embeddable":true,"href":"https:\/\/inovaartprint.com.br\/index.php\/wp-json\/wp\/v2\/product_tag?post=457"}],"curies":[{"name":"wp","href":"https:\/\/api.w.org\/{rel}","templated":true}]}}