{"id":475,"date":"2024-07-23T22:34:20","date_gmt":"2024-07-24T01:34:20","guid":{"rendered":"https:\/\/inovaartprint.com.br\/?post_type=product&#038;p=475"},"modified":"2024-07-23T22:43:51","modified_gmt":"2024-07-24T01:43:51","slug":"caneca-proverbios-jo-120-22","status":"publish","type":"product","link":"https:\/\/inovaartprint.com.br\/index.php\/produto\/caneca-proverbios-jo-120-22\/","title":{"rendered":"Caneca prov\u00e9rbios (J\u00d3 1:20-22)"},"content":{"rendered":"<p>Descri\u00e7\u00e3o<\/p>\n<p>Caneca porcelana \u00f3tima qualidade. Temos canecas com interior colorido. <strong>Consulte nosso estoque.<\/strong><\/p>\n<p>Esta \u00e9 uma linda caneca e com uma frase de prov\u00e9rbios <strong>(J\u00f3 1:20-22)<\/strong><\/p>\n<p>Pode ir ao micro-ondas \u2013 SIM<\/p>\n<p>A foto do an\u00fancio mostra os dois lados da mesma caneca.<\/p>\n<p>Modelos \/ Estampa.<\/p>\n<p><strong>Tema<\/strong>: <strong>prov\u00e9rbios (J\u00f3 1:20-22)<\/strong><\/p>\n<p><strong>Podemos personalizar conforme sua escolha, nos envie a imagem e\/ou texto que deseja.<\/strong><br \/>\n*****************************<br \/>\nESPECIFICA\u00c7\u00d5ES.<\/p>\n<p>Capacidade: 350 ml<br \/>\nPeso: 350 g<br \/>\nAltura: 10 cm<br \/>\nDi\u00e2metro de Borda: 8 cm<br \/>\nCircunfer\u00eancia: 27 cm<br \/>\nMaterial: <strong>Porcelana<\/strong><\/p>\n","protected":false},"excerpt":{"rendered":"<p>Descri\u00e7\u00e3o Caneca porcelana \u00f3tima qualidade. Temos canecas com interior colorido. Consulte nosso estoque. Esta \u00e9 uma linda caneca e com&hellip;<\/p>\n","protected":false},"featured_media":476,"comment_status":"open","ping_status":"closed","template":"","meta":[],"product_brand":[],"product_cat":[18],"product_tag":[17],"class_list":{"0":"post-475","1":"product","2":"type-product","3":"status-publish","4":"has-post-thumbnail","6":"product_cat-canecas-personalizadas","7":"product_tag-caneca-procelana","9":"first","10":"instock","11":"taxable","12":"shipping-taxable","13":"purchasable","14":"product-type-simple"},"_links":{"self":[{"href":"https:\/\/inovaartprint.com.br\/index.php\/wp-json\/wp\/v2\/product\/475","targetHints":{"allow":["GET"]}}],"collection":[{"href":"https:\/\/inovaartprint.com.br\/index.php\/wp-json\/wp\/v2\/product"}],"about":[{"href":"https:\/\/inovaartprint.com.br\/index.php\/wp-json\/wp\/v2\/types\/product"}],"replies":[{"embeddable":true,"href":"https:\/\/inovaartprint.com.br\/index.php\/wp-json\/wp\/v2\/comments?post=475"}],"wp:featuredmedia":[{"embeddable":true,"href":"https:\/\/inovaartprint.com.br\/index.php\/wp-json\/wp\/v2\/media\/476"}],"wp:attachment":[{"href":"https:\/\/inovaartprint.com.br\/index.php\/wp-json\/wp\/v2\/media?parent=475"}],"wp:term":[{"taxonomy":"product_brand","embeddable":true,"href":"https:\/\/inovaartprint.com.br\/index.php\/wp-json\/wp\/v2\/product_brand?post=475"},{"taxonomy":"product_cat","embeddable":true,"href":"https:\/\/inovaartprint.com.br\/index.php\/wp-json\/wp\/v2\/product_cat?post=475"},{"taxonomy":"product_tag","embeddable":true,"href":"https:\/\/inovaartprint.com.br\/index.php\/wp-json\/wp\/v2\/product_tag?post=475"}],"curies":[{"name":"wp","href":"https:\/\/api.w.org\/{rel}","templated":true}]}}