{"id":477,"date":"2024-07-23T22:38:58","date_gmt":"2024-07-24T01:38:58","guid":{"rendered":"https:\/\/inovaartprint.com.br\/?post_type=product&#038;p=477"},"modified":"2024-07-23T22:41:48","modified_gmt":"2024-07-24T01:41:48","slug":"caneca-reage-mulher","status":"publish","type":"product","link":"https:\/\/inovaartprint.com.br\/index.php\/produto\/caneca-reage-mulher\/","title":{"rendered":"Caneca Reage mulher"},"content":{"rendered":"<p>Descri\u00e7\u00e3o<\/p>\n<p>Caneca porcelana \u00f3tima qualidade. Temos canecas com interior colorido. <strong>Consulte nosso estoque.<\/strong><\/p>\n<p>Enviamos sua caneca no pr\u00f3ximo dia \u00fatil ap\u00f3s sua compra.<\/p>\n<p>Pode ir ao micro-ondas \u2013<strong> SIM<\/strong><\/p>\n<p>A foto do an\u00fancio mostra os dois lados da mesma caneca.<\/p>\n<p>Modelos \/ Estampa.<\/p>\n<p><strong>reage mulher<\/strong><br \/>\n*****************************<br \/>\nESPECIFICA\u00c7\u00d5ES.<\/p>\n<p>Capacidade: 350 ml<br \/>\nPeso: 350 g<br \/>\nAltura: 10 cm<br \/>\nDi\u00e2metro de Borda: 8 cm<br \/>\nCircunfer\u00eancia: 27 cm<br \/>\nMaterial: Porcelana<\/p>\n","protected":false},"excerpt":{"rendered":"<p>Descri\u00e7\u00e3o Caneca porcelana \u00f3tima qualidade. Temos canecas com interior colorido. Consulte nosso estoque. Enviamos sua caneca no pr\u00f3ximo dia \u00fatil&hellip;<\/p>\n","protected":false},"featured_media":478,"comment_status":"open","ping_status":"closed","template":"","meta":[],"product_brand":[],"product_cat":[18],"product_tag":[17],"class_list":{"0":"post-477","1":"product","2":"type-product","3":"status-publish","4":"has-post-thumbnail","6":"product_cat-canecas-personalizadas","7":"product_tag-caneca-procelana","9":"first","10":"instock","11":"taxable","12":"shipping-taxable","13":"purchasable","14":"product-type-simple"},"_links":{"self":[{"href":"https:\/\/inovaartprint.com.br\/index.php\/wp-json\/wp\/v2\/product\/477","targetHints":{"allow":["GET"]}}],"collection":[{"href":"https:\/\/inovaartprint.com.br\/index.php\/wp-json\/wp\/v2\/product"}],"about":[{"href":"https:\/\/inovaartprint.com.br\/index.php\/wp-json\/wp\/v2\/types\/product"}],"replies":[{"embeddable":true,"href":"https:\/\/inovaartprint.com.br\/index.php\/wp-json\/wp\/v2\/comments?post=477"}],"wp:featuredmedia":[{"embeddable":true,"href":"https:\/\/inovaartprint.com.br\/index.php\/wp-json\/wp\/v2\/media\/478"}],"wp:attachment":[{"href":"https:\/\/inovaartprint.com.br\/index.php\/wp-json\/wp\/v2\/media?parent=477"}],"wp:term":[{"taxonomy":"product_brand","embeddable":true,"href":"https:\/\/inovaartprint.com.br\/index.php\/wp-json\/wp\/v2\/product_brand?post=477"},{"taxonomy":"product_cat","embeddable":true,"href":"https:\/\/inovaartprint.com.br\/index.php\/wp-json\/wp\/v2\/product_cat?post=477"},{"taxonomy":"product_tag","embeddable":true,"href":"https:\/\/inovaartprint.com.br\/index.php\/wp-json\/wp\/v2\/product_tag?post=477"}],"curies":[{"name":"wp","href":"https:\/\/api.w.org\/{rel}","templated":true}]}}