{"id":480,"date":"2024-07-23T22:54:04","date_gmt":"2024-07-24T01:54:04","guid":{"rendered":"https:\/\/inovaartprint.com.br\/?post_type=product&#038;p=480"},"modified":"2024-07-23T22:57:17","modified_gmt":"2024-07-24T01:57:17","slug":"camiseta-personalizada-poliester","status":"publish","type":"product","link":"https:\/\/inovaartprint.com.br\/index.php\/produto\/camiseta-personalizada-poliester\/","title":{"rendered":"Camiseta personalizada poli\u00e9ster"},"content":{"rendered":"","protected":false},"excerpt":{"rendered":"<h2 class=\"ui-pdp-description__title\">Descri\u00e7\u00e3o<\/h2>\n<p class=\"ui-pdp-description__content\">Camiseta infantil poli\u00e9ster branca personalizada (<strong>SUBLIMA\u00c7\u00c3O<\/strong>)<\/p>\n<p><strong>Tamanho: 8<\/strong><\/p>\n<p>Temos outras numera\u00e7\u00f5es, consulte nosso estoque.<\/p>\n<p>Este item pode ser personalizado, ap\u00f3s compra entre em contato para informar as altera\u00e7\u00f5es na estampa.<\/p>\n<p>Antes da produ\u00e7\u00e3o enviamos imagem digital para sua aprova\u00e7\u00e3o.<br \/>\n<strong>Ap\u00f3s sua compra, informe o modelo da estampa desejada, caso n\u00e3o precise adicionar nome na mesma.<\/strong><\/p>\n<p class=\"ui-pdp-description__content\"><strong>Pedimos que confira a numera\u00e7\u00e3o antes de comprar, pois por ser produto personalizado, n\u00e3o poder\u00e1 haver troca.<\/strong><\/p>\n","protected":false},"featured_media":481,"comment_status":"open","ping_status":"closed","template":"","meta":[],"product_brand":[],"product_cat":[29],"product_tag":[],"class_list":{"0":"post-480","1":"product","2":"type-product","3":"status-publish","4":"has-post-thumbnail","6":"product_cat-chinelos-sublimados","8":"first","9":"instock","10":"taxable","11":"shipping-taxable","12":"purchasable","13":"product-type-simple"},"_links":{"self":[{"href":"https:\/\/inovaartprint.com.br\/index.php\/wp-json\/wp\/v2\/product\/480","targetHints":{"allow":["GET"]}}],"collection":[{"href":"https:\/\/inovaartprint.com.br\/index.php\/wp-json\/wp\/v2\/product"}],"about":[{"href":"https:\/\/inovaartprint.com.br\/index.php\/wp-json\/wp\/v2\/types\/product"}],"replies":[{"embeddable":true,"href":"https:\/\/inovaartprint.com.br\/index.php\/wp-json\/wp\/v2\/comments?post=480"}],"wp:featuredmedia":[{"embeddable":true,"href":"https:\/\/inovaartprint.com.br\/index.php\/wp-json\/wp\/v2\/media\/481"}],"wp:attachment":[{"href":"https:\/\/inovaartprint.com.br\/index.php\/wp-json\/wp\/v2\/media?parent=480"}],"wp:term":[{"taxonomy":"product_brand","embeddable":true,"href":"https:\/\/inovaartprint.com.br\/index.php\/wp-json\/wp\/v2\/product_brand?post=480"},{"taxonomy":"product_cat","embeddable":true,"href":"https:\/\/inovaartprint.com.br\/index.php\/wp-json\/wp\/v2\/product_cat?post=480"},{"taxonomy":"product_tag","embeddable":true,"href":"https:\/\/inovaartprint.com.br\/index.php\/wp-json\/wp\/v2\/product_tag?post=480"}],"curies":[{"name":"wp","href":"https:\/\/api.w.org\/{rel}","templated":true}]}}