{"id":488,"date":"2024-07-23T22:58:21","date_gmt":"2024-07-24T01:58:21","guid":{"rendered":"https:\/\/inovaartprint.com.br\/?post_type=product&#038;p=488"},"modified":"2024-07-23T23:01:32","modified_gmt":"2024-07-24T02:01:32","slug":"caneca-alice-o-gato-e-chapeleiro","status":"publish","type":"product","link":"https:\/\/inovaartprint.com.br\/index.php\/produto\/caneca-alice-o-gato-e-chapeleiro\/","title":{"rendered":"Caneca ALICE &#8211; O GATO E CHAPELEIRO"},"content":{"rendered":"<p>Descri\u00e7\u00e3o<\/p>\n<p>Caneca porcelana<strong> tradicional<\/strong> \u00f3tima qualidade, dando um visual diferenciado.<\/p>\n<p>Mude a forma de tomar seu caf\u00e9 ou ch\u00e1, estes momentos ficando com seu personagem favorito.<\/p>\n<p>Enviamos sua caneca no pr\u00f3ximo dia \u00fatil ap\u00f3s sua compra.<\/p>\n<p>A foto do an\u00fancio mostra os lados da mesma caneca.<\/p>\n<p>Modelos \/ Estampa.<\/p>\n<p>Tema: <strong>ALICE &#8211; O GATO E CHAPELEIRO<\/strong><br \/>\n*****************************<br \/>\n<strong>ESPECIFICA\u00c7\u00d5ES.<\/strong><\/p>\n<p><strong>Capacidade: 350 ml<\/strong><br \/>\n<strong>Peso: 350 g<\/strong><br \/>\n<strong>Altura: 10 cm<\/strong><br \/>\n<strong>Di\u00e2metro de Borda: 8 cm<\/strong><br \/>\n<strong>Circunfer\u00eancia: 27 cm<\/strong><br \/>\n<strong>Material: Porcelana<\/strong><\/p>\n<p>&nbsp;<\/p>\n<h4><strong>Perguntas frequentes:<\/strong><\/h4>\n<p><strong>Pode ir ao micro-ondas \u2013 SIM<\/strong><\/p>\n","protected":false},"excerpt":{"rendered":"<p>Descri\u00e7\u00e3o Caneca porcelana tradicional \u00f3tima qualidade, dando um visual diferenciado. Mude a forma de tomar seu caf\u00e9 ou ch\u00e1, estes&hellip;<\/p>\n","protected":false},"featured_media":489,"comment_status":"open","ping_status":"closed","template":"","meta":[],"product_brand":[],"product_cat":[18],"product_tag":[17],"class_list":{"0":"post-488","1":"product","2":"type-product","3":"status-publish","4":"has-post-thumbnail","6":"product_cat-canecas-personalizadas","7":"product_tag-caneca-procelana","9":"first","10":"instock","11":"taxable","12":"shipping-taxable","13":"purchasable","14":"product-type-simple"},"_links":{"self":[{"href":"https:\/\/inovaartprint.com.br\/index.php\/wp-json\/wp\/v2\/product\/488","targetHints":{"allow":["GET"]}}],"collection":[{"href":"https:\/\/inovaartprint.com.br\/index.php\/wp-json\/wp\/v2\/product"}],"about":[{"href":"https:\/\/inovaartprint.com.br\/index.php\/wp-json\/wp\/v2\/types\/product"}],"replies":[{"embeddable":true,"href":"https:\/\/inovaartprint.com.br\/index.php\/wp-json\/wp\/v2\/comments?post=488"}],"wp:featuredmedia":[{"embeddable":true,"href":"https:\/\/inovaartprint.com.br\/index.php\/wp-json\/wp\/v2\/media\/489"}],"wp:attachment":[{"href":"https:\/\/inovaartprint.com.br\/index.php\/wp-json\/wp\/v2\/media?parent=488"}],"wp:term":[{"taxonomy":"product_brand","embeddable":true,"href":"https:\/\/inovaartprint.com.br\/index.php\/wp-json\/wp\/v2\/product_brand?post=488"},{"taxonomy":"product_cat","embeddable":true,"href":"https:\/\/inovaartprint.com.br\/index.php\/wp-json\/wp\/v2\/product_cat?post=488"},{"taxonomy":"product_tag","embeddable":true,"href":"https:\/\/inovaartprint.com.br\/index.php\/wp-json\/wp\/v2\/product_tag?post=488"}],"curies":[{"name":"wp","href":"https:\/\/api.w.org\/{rel}","templated":true}]}}