{"id":539,"date":"2024-07-24T22:18:37","date_gmt":"2024-07-25T01:18:37","guid":{"rendered":"https:\/\/inovaartprint.com.br\/?post_type=product&#038;p=539"},"modified":"2024-07-24T22:31:52","modified_gmt":"2024-07-25T01:31:52","slug":"caneca-pokemon","status":"publish","type":"product","link":"https:\/\/inovaartprint.com.br\/index.php\/produto\/caneca-pokemon\/","title":{"rendered":"Caneca Pok\u00e9mon"},"content":{"rendered":"<p>Descri\u00e7\u00e3o<\/p>\n<p>Caneca porcelana com al\u00e7a e interior na cor <strong>VERMELHO.<\/strong><\/p>\n<p>Enviamos sua caneca no pr\u00f3ximo dia \u00fatil ap\u00f3s sua compra.<\/p>\n<p>A foto do an\u00fancio mostra os dois lados da mesma caneca.<\/p>\n<p>Modelos \/ Estampa.<\/p>\n<p>Tema: <strong><a class=\"a3glFf oRJe3d\" tabindex=\"0\" role=\"link\" data-ti=\"overview\" data-ved=\"2ahUKEwj8hKaphMGHAxWiqpUCHWRBBBgQ_coHegQIIRAB\">Pok\u00e9mon<\/a><\/strong><br \/>\n*****************************<br \/>\n<strong>ESPECIFICA\u00c7\u00d5ES.<\/strong><\/p>\n<p><strong>Capacidade: 350 ml<\/strong><br \/>\n<strong>Peso: 350 g<\/strong><br \/>\n<strong>Altura: 10 cm<\/strong><br \/>\n<strong>Di\u00e2metro de Borda: 8 cm<\/strong><br \/>\n<strong>Circunfer\u00eancia: 27 cm<\/strong><br \/>\n<strong>Material: Porcelana<\/strong><\/p>\n<p>&nbsp;<\/p>\n<h4><strong>Perguntas frequentes:<\/strong><\/h4>\n<p><strong>Pode ir ao micro-ondas \u2013 SIM<\/strong><\/p>\n","protected":false},"excerpt":{"rendered":"<p>Descri\u00e7\u00e3o Caneca porcelana com al\u00e7a e interior na cor VERMELHO. Enviamos sua caneca no pr\u00f3ximo dia \u00fatil ap\u00f3s sua compra.&hellip;<\/p>\n","protected":false},"featured_media":540,"comment_status":"open","ping_status":"closed","template":"","meta":[],"product_brand":[],"product_cat":[18],"product_tag":[17],"class_list":{"0":"post-539","1":"product","2":"type-product","3":"status-publish","4":"has-post-thumbnail","6":"product_cat-canecas-personalizadas","7":"product_tag-caneca-procelana","9":"first","10":"instock","11":"taxable","12":"shipping-taxable","13":"purchasable","14":"product-type-simple"},"_links":{"self":[{"href":"https:\/\/inovaartprint.com.br\/index.php\/wp-json\/wp\/v2\/product\/539","targetHints":{"allow":["GET"]}}],"collection":[{"href":"https:\/\/inovaartprint.com.br\/index.php\/wp-json\/wp\/v2\/product"}],"about":[{"href":"https:\/\/inovaartprint.com.br\/index.php\/wp-json\/wp\/v2\/types\/product"}],"replies":[{"embeddable":true,"href":"https:\/\/inovaartprint.com.br\/index.php\/wp-json\/wp\/v2\/comments?post=539"}],"wp:featuredmedia":[{"embeddable":true,"href":"https:\/\/inovaartprint.com.br\/index.php\/wp-json\/wp\/v2\/media\/540"}],"wp:attachment":[{"href":"https:\/\/inovaartprint.com.br\/index.php\/wp-json\/wp\/v2\/media?parent=539"}],"wp:term":[{"taxonomy":"product_brand","embeddable":true,"href":"https:\/\/inovaartprint.com.br\/index.php\/wp-json\/wp\/v2\/product_brand?post=539"},{"taxonomy":"product_cat","embeddable":true,"href":"https:\/\/inovaartprint.com.br\/index.php\/wp-json\/wp\/v2\/product_cat?post=539"},{"taxonomy":"product_tag","embeddable":true,"href":"https:\/\/inovaartprint.com.br\/index.php\/wp-json\/wp\/v2\/product_tag?post=539"}],"curies":[{"name":"wp","href":"https:\/\/api.w.org\/{rel}","templated":true}]}}