{"id":547,"date":"2024-07-24T23:34:48","date_gmt":"2024-07-25T02:34:48","guid":{"rendered":"https:\/\/inovaartprint.com.br\/?post_type=product&#038;p=547"},"modified":"2024-07-24T23:39:44","modified_gmt":"2024-07-25T02:39:44","slug":"14-bolinhas-de-natal-personalizadas-65cm-foto-frente-verso","status":"publish","type":"product","link":"https:\/\/inovaartprint.com.br\/index.php\/produto\/14-bolinhas-de-natal-personalizadas-65cm-foto-frente-verso\/","title":{"rendered":"14 Bolinhas De Natal Personalizadas 6,5cm Foto Frente\/verso"},"content":{"rendered":"<p><strong>14 BOLINHAS DE NATAL PERSONALIZADAS COM FOTO FRENTE E VERSO<\/strong>.<br \/>\nBolas de Natal<\/p>\n<p>Linda bola de acr\u00edlico com foto para enfeitar sua \u00e1rvore de natal.<br \/>\nFoto frente e verso (mesma foto)<br \/>\n<strong><span style=\"color: #ff0000;\">N\u00c3O ACOMPANHA O LA\u00c7O<\/span><\/strong><\/p>\n<p>\u00c9 importante que as fotos estejam com qualidade\/resolu\u00e7\u00e3o boa para melhores resultados na impress\u00e3o.<\/p>\n<p><strong><span style=\"color: #ff0000;\">*Dica importante*<\/span><\/strong><\/p>\n<p><strong>\u2022 Para suas bolas ficarem ainda mais lindas \u00e9 interessante que as fotos estejam centralizadas, e sem<\/strong> <strong>rostos cortados<\/strong>. Pois redirecionamos sua foto dentro das dimens\u00f5es da esfera.<br \/>\n\u2022 Assim que finalizar a compra, enviar as 12 fotos via chat.<\/p>\n<p><strong>Altura: 6.50 cm<\/strong><br \/>\n<strong>Largura: 6.50 cm<\/strong><br \/>\n<strong>Comprimento: 6.50 cm<\/strong><br \/>\n<strong>Peso: 19 g<\/strong><\/p>\n","protected":false},"excerpt":{"rendered":"[video width=\"450\" height=\"450\" mp4=\"https:\/\/inovaartprint.com.br\/wp-content\/uploads\/2024\/07\/0ffcac45-0422-4cf1-baa6-9a1d468eb067.mp4\"][\/video]\n","protected":false},"featured_media":549,"comment_status":"open","ping_status":"closed","template":"","meta":[],"product_brand":[],"product_cat":[15],"product_tag":[],"class_list":{"0":"post-547","1":"product","2":"type-product","3":"status-publish","4":"has-post-thumbnail","6":"product_cat-sem-categoria","8":"first","9":"instock","10":"taxable","11":"shipping-taxable","12":"purchasable","13":"product-type-simple"},"_links":{"self":[{"href":"https:\/\/inovaartprint.com.br\/index.php\/wp-json\/wp\/v2\/product\/547","targetHints":{"allow":["GET"]}}],"collection":[{"href":"https:\/\/inovaartprint.com.br\/index.php\/wp-json\/wp\/v2\/product"}],"about":[{"href":"https:\/\/inovaartprint.com.br\/index.php\/wp-json\/wp\/v2\/types\/product"}],"replies":[{"embeddable":true,"href":"https:\/\/inovaartprint.com.br\/index.php\/wp-json\/wp\/v2\/comments?post=547"}],"wp:featuredmedia":[{"embeddable":true,"href":"https:\/\/inovaartprint.com.br\/index.php\/wp-json\/wp\/v2\/media\/549"}],"wp:attachment":[{"href":"https:\/\/inovaartprint.com.br\/index.php\/wp-json\/wp\/v2\/media?parent=547"}],"wp:term":[{"taxonomy":"product_brand","embeddable":true,"href":"https:\/\/inovaartprint.com.br\/index.php\/wp-json\/wp\/v2\/product_brand?post=547"},{"taxonomy":"product_cat","embeddable":true,"href":"https:\/\/inovaartprint.com.br\/index.php\/wp-json\/wp\/v2\/product_cat?post=547"},{"taxonomy":"product_tag","embeddable":true,"href":"https:\/\/inovaartprint.com.br\/index.php\/wp-json\/wp\/v2\/product_tag?post=547"}],"curies":[{"name":"wp","href":"https:\/\/api.w.org\/{rel}","templated":true}]}}