{"id":552,"date":"2024-07-27T14:32:42","date_gmt":"2024-07-27T17:32:42","guid":{"rendered":"https:\/\/inovaartprint.com.br\/?post_type=product&#038;p=552"},"modified":"2024-07-27T14:35:56","modified_gmt":"2024-07-27T17:35:56","slug":"caneca-chopp-jateada-degrade-cachaceira-475ml","status":"publish","type":"product","link":"https:\/\/inovaartprint.com.br\/index.php\/produto\/caneca-chopp-jateada-degrade-cachaceira-475ml\/","title":{"rendered":"Caneca chopp jateada DEGRAD\u00ca &#8211; CACHACEIRA 475ML"},"content":{"rendered":"<p>Caneca <strong>CHOPP VIDRO JATEADO DEGRAD\u00ca <span style=\"color: #ff00ff;\">ROSA<\/span><\/strong> \u00f3tima qualidade. Personaliz\u00e1vel conforme modelo.<\/p>\n<p>&nbsp;<\/p>\n<p><em><strong>**************PODE SER ALTERADA CONFORME SOLICITA\u00c7\u00c3O P\u00d3S COMPRA********************<\/strong><\/em><\/p>\n<p>Tema: <strong>CACHACEIRA<\/strong><br \/>\n*****************************<br \/>\n<strong>ESPECIFICA\u00c7\u00d5ES.<\/strong><\/p>\n<p>&gt; Produto: <strong>Caneca Personalizado<\/strong><br \/>\n&gt; Material:<strong> Vidro Jateado<\/strong><br \/>\n&gt; Formato: <strong>Cil\u00edndrico<\/strong><br \/>\n&gt; Tamanho: <strong>15cm altura x 12cm largura<\/strong><br \/>\n&gt; Capacidade: <strong>475 ml<\/strong><br \/>\n&gt; Lava-lou\u00e7as: <strong>Sim<\/strong><br \/>\n&gt; Quantidade: <strong>01<\/strong><\/p>\n<p>&nbsp;<\/p>\n<h4><strong>Perguntas frequentes:<\/strong><\/h4>\n<p><strong>Pode colocar nome?. SIM<\/strong><\/p>\n","protected":false},"excerpt":{"rendered":"<p>Caneca CHOPP VIDRO JATEADO DEGRAD\u00ca ROSA \u00f3tima qualidade. Personaliz\u00e1vel conforme modelo. &nbsp; **************PODE SER ALTERADA CONFORME SOLICITA\u00c7\u00c3O P\u00d3S COMPRA******************** Tema:&hellip;<\/p>\n","protected":false},"featured_media":553,"comment_status":"open","ping_status":"closed","template":"","meta":[],"product_brand":[],"product_cat":[18],"product_tag":[39],"class_list":{"0":"post-552","1":"product","2":"type-product","3":"status-publish","4":"has-post-thumbnail","6":"product_cat-canecas-personalizadas","7":"product_tag-vidro-jateado","9":"first","10":"instock","11":"shipping-taxable","12":"purchasable","13":"product-type-simple"},"_links":{"self":[{"href":"https:\/\/inovaartprint.com.br\/index.php\/wp-json\/wp\/v2\/product\/552","targetHints":{"allow":["GET"]}}],"collection":[{"href":"https:\/\/inovaartprint.com.br\/index.php\/wp-json\/wp\/v2\/product"}],"about":[{"href":"https:\/\/inovaartprint.com.br\/index.php\/wp-json\/wp\/v2\/types\/product"}],"replies":[{"embeddable":true,"href":"https:\/\/inovaartprint.com.br\/index.php\/wp-json\/wp\/v2\/comments?post=552"}],"wp:featuredmedia":[{"embeddable":true,"href":"https:\/\/inovaartprint.com.br\/index.php\/wp-json\/wp\/v2\/media\/553"}],"wp:attachment":[{"href":"https:\/\/inovaartprint.com.br\/index.php\/wp-json\/wp\/v2\/media?parent=552"}],"wp:term":[{"taxonomy":"product_brand","embeddable":true,"href":"https:\/\/inovaartprint.com.br\/index.php\/wp-json\/wp\/v2\/product_brand?post=552"},{"taxonomy":"product_cat","embeddable":true,"href":"https:\/\/inovaartprint.com.br\/index.php\/wp-json\/wp\/v2\/product_cat?post=552"},{"taxonomy":"product_tag","embeddable":true,"href":"https:\/\/inovaartprint.com.br\/index.php\/wp-json\/wp\/v2\/product_tag?post=552"}],"curies":[{"name":"wp","href":"https:\/\/api.w.org\/{rel}","templated":true}]}}