{"id":573,"date":"2024-07-27T22:45:09","date_gmt":"2024-07-28T01:45:09","guid":{"rendered":"https:\/\/inovaartprint.com.br\/?post_type=product&#038;p=573"},"modified":"2024-07-27T23:01:49","modified_gmt":"2024-07-28T02:01:49","slug":"caneca-chopp-jateada-me-de-papai-475ml","status":"publish","type":"product","link":"https:\/\/inovaartprint.com.br\/index.php\/produto\/caneca-chopp-jateada-me-de-papai-475ml\/","title":{"rendered":"Caneca chopp jateada ME D\u00ca PAPAI 475ML"},"content":{"rendered":"<p>Caneca <strong>CHOPP VIDRO JATEADO<\/strong> \u00f3tima qualidade. Personaliz\u00e1vel conforme modelo.<\/p>\n<p>N\u00e3o basta ser amigos, o neg\u00f3cio \u00e9 ser amigo com copo personalizado! Que tal presentear aquele amigo casca de bala que n\u00e3o te deixa na m\u00e3o, nem sozinho com copo.<\/p>\n<p>A cerveja importa? o copo tamb\u00e9m.<\/p>\n<p><em><strong>**************PODE SER ALTERADA CONFORME SOLICITA\u00c7\u00c3O P\u00d3S COMPRA********************<\/strong><\/em><\/p>\n<h4>Tema: ENGRA\u00c7ADO<\/h4>\n<p><span style=\"color: #ff0000;\"><strong> ME D\u00ca PAPAI<\/strong><\/span><br \/>\n*****************************<br \/>\n<strong>ESPECIFICA\u00c7\u00d5ES.<\/strong><\/p>\n<p>&gt; Produto: <strong>Caneca Personalizado<\/strong><br \/>\n&gt; Material:<strong> Vidro Jateado<\/strong><br \/>\n&gt; Formato: <strong>Cil\u00edndrico<\/strong><br \/>\n&gt; Tamanho: <strong>15cm altura x 12cm largura<\/strong><br \/>\n&gt; Capacidade: <strong>475 ml<\/strong><br \/>\n&gt; Lava-lou\u00e7as: <strong>Sim<\/strong><br \/>\n&gt; Quantidade: <strong>01<\/strong><\/p>\n<p>&nbsp;<\/p>\n<h4><strong>Perguntas frequentes:<\/strong><\/h4>\n<p><strong>Pode colocar nome?. SIM<\/strong><\/p>\n<p><strong>Pode colocar nome?. SIM &#8211; Envie as informa\u00e7\u00f5es ap\u00f3s sua compra.<\/strong><\/p>\n","protected":false},"excerpt":{"rendered":"<p>Caneca CHOPP VIDRO JATEADO \u00f3tima qualidade. Personaliz\u00e1vel conforme modelo. N\u00e3o basta ser amigos, o neg\u00f3cio \u00e9 ser amigo com copo&hellip;<\/p>\n","protected":false},"featured_media":574,"comment_status":"open","ping_status":"closed","template":"","meta":[],"product_brand":[],"product_cat":[18],"product_tag":[39],"class_list":{"0":"post-573","1":"product","2":"type-product","3":"status-publish","4":"has-post-thumbnail","6":"product_cat-canecas-personalizadas","7":"product_tag-vidro-jateado","9":"first","10":"instock","11":"shipping-taxable","12":"purchasable","13":"product-type-simple"},"_links":{"self":[{"href":"https:\/\/inovaartprint.com.br\/index.php\/wp-json\/wp\/v2\/product\/573","targetHints":{"allow":["GET"]}}],"collection":[{"href":"https:\/\/inovaartprint.com.br\/index.php\/wp-json\/wp\/v2\/product"}],"about":[{"href":"https:\/\/inovaartprint.com.br\/index.php\/wp-json\/wp\/v2\/types\/product"}],"replies":[{"embeddable":true,"href":"https:\/\/inovaartprint.com.br\/index.php\/wp-json\/wp\/v2\/comments?post=573"}],"wp:featuredmedia":[{"embeddable":true,"href":"https:\/\/inovaartprint.com.br\/index.php\/wp-json\/wp\/v2\/media\/574"}],"wp:attachment":[{"href":"https:\/\/inovaartprint.com.br\/index.php\/wp-json\/wp\/v2\/media?parent=573"}],"wp:term":[{"taxonomy":"product_brand","embeddable":true,"href":"https:\/\/inovaartprint.com.br\/index.php\/wp-json\/wp\/v2\/product_brand?post=573"},{"taxonomy":"product_cat","embeddable":true,"href":"https:\/\/inovaartprint.com.br\/index.php\/wp-json\/wp\/v2\/product_cat?post=573"},{"taxonomy":"product_tag","embeddable":true,"href":"https:\/\/inovaartprint.com.br\/index.php\/wp-json\/wp\/v2\/product_tag?post=573"}],"curies":[{"name":"wp","href":"https:\/\/api.w.org\/{rel}","templated":true}]}}