{"id":579,"date":"2024-07-27T23:47:46","date_gmt":"2024-07-28T02:47:46","guid":{"rendered":"https:\/\/inovaartprint.com.br\/?post_type=product&#038;p=579"},"modified":"2024-07-28T00:04:30","modified_gmt":"2024-07-28T03:04:30","slug":"embalagem-isopor-marmitex-no-8","status":"publish","type":"product","link":"https:\/\/inovaartprint.com.br\/index.php\/produto\/embalagem-isopor-marmitex-no-8\/","title":{"rendered":"Embalagem Isopor MARMITEX N\u00ba 8"},"content":{"rendered":"<h2 class=\"ui-pdp-description__title\">Descri\u00e7\u00e3o<\/h2>\n<p class=\"ui-pdp-description__content\">Embalagem personalizada modelo <strong>MARMITEX N\u00ba 8<\/strong>. Personalizamos com seu logo ou imagem que preferir. Seu sabor agora com embalagem chamativa e apresenta\u00e7\u00e3o diferenciada.<\/p>\n<p><strong>Ap\u00f3s compra, nos envie seu logo\/imagem para iniciarmos a confec\u00e7\u00e3o.<\/strong><\/p>\n<h3><span style=\"color: #ff0000;\"><strong>A imagem deve ser em alta resolu\u00e7\u00e3o<\/strong><\/span><\/h3>\n<h3><span style=\"color: #ff0000;\"><strong>N\u00e3o recomendado: print, foto de tela.<\/strong><\/span><\/h3>\n<p class=\"ui-pdp-description__content\">Est\u00e1 com d\u00favida?<\/p>\n<p class=\"ui-pdp-description__content\">Entre em contato com nossa equipe para mais informa\u00e7\u00f5es ou or\u00e7amento mais detalhado.<\/p>\n<p class=\"ui-pdp-description__content\">Enviamos a embalagens personalizadas com sua marca.<\/p>\n<p class=\"ui-pdp-description__content\">\u00c9 utilizado tinta? <strong>N\u00c3O<\/strong><\/p>\n<p>\u00c9 adesivo? <strong>N\u00c3O<\/strong><\/p>\n<p class=\"ui-pdp-description__content\">Processo direto na embalagem, por <strong>indu\u00e7\u00e3o t\u00e9rmica.<\/strong><\/p>\n<p class=\"ui-pdp-description__content\"><strong>Fardo com 100uni<\/strong><br \/>\n<strong>Medidas: MARMITEX N\u00ba 8 &#8211; PERSONALIZADO A TAMPA<br \/>\n<\/strong><\/p>\n<p><strong>ENVIO 1 FARDO COM TAMPA PERSONALIZADA 1 FARDO COM A MARMITA<\/strong><\/p>\n<p>MODELO PODE SER VARIANTE DE ACORDO COM FABRICANTE.<\/p>\n<p><strong><span style=\"color: #ff0000;\">SE J\u00c1 UTILIZA O MODELO DE UM DETERMINADO FABRICANTE, INFORMAR AP\u00d3S A COMPRA, QUE PROCURAREMOS SEGUIR O SEU MODELO HABITUAL.<\/span><\/strong><\/p>\n","protected":false},"excerpt":{"rendered":"<p>Descri\u00e7\u00e3o Embalagem personalizada modelo MARMITEX N\u00ba 8. Personalizamos com seu logo ou imagem que preferir. Seu sabor agora com embalagem&hellip;<\/p>\n","protected":false},"featured_media":580,"comment_status":"open","ping_status":"closed","template":"","meta":[],"product_brand":[],"product_cat":[23],"product_tag":[],"class_list":{"0":"post-579","1":"product","2":"type-product","3":"status-publish","4":"has-post-thumbnail","6":"product_cat-embalagens","8":"first","9":"onbackorder","10":"shipping-taxable","11":"purchasable","12":"product-type-simple"},"_links":{"self":[{"href":"https:\/\/inovaartprint.com.br\/index.php\/wp-json\/wp\/v2\/product\/579","targetHints":{"allow":["GET"]}}],"collection":[{"href":"https:\/\/inovaartprint.com.br\/index.php\/wp-json\/wp\/v2\/product"}],"about":[{"href":"https:\/\/inovaartprint.com.br\/index.php\/wp-json\/wp\/v2\/types\/product"}],"replies":[{"embeddable":true,"href":"https:\/\/inovaartprint.com.br\/index.php\/wp-json\/wp\/v2\/comments?post=579"}],"wp:featuredmedia":[{"embeddable":true,"href":"https:\/\/inovaartprint.com.br\/index.php\/wp-json\/wp\/v2\/media\/580"}],"wp:attachment":[{"href":"https:\/\/inovaartprint.com.br\/index.php\/wp-json\/wp\/v2\/media?parent=579"}],"wp:term":[{"taxonomy":"product_brand","embeddable":true,"href":"https:\/\/inovaartprint.com.br\/index.php\/wp-json\/wp\/v2\/product_brand?post=579"},{"taxonomy":"product_cat","embeddable":true,"href":"https:\/\/inovaartprint.com.br\/index.php\/wp-json\/wp\/v2\/product_cat?post=579"},{"taxonomy":"product_tag","embeddable":true,"href":"https:\/\/inovaartprint.com.br\/index.php\/wp-json\/wp\/v2\/product_tag?post=579"}],"curies":[{"name":"wp","href":"https:\/\/api.w.org\/{rel}","templated":true}]}}